{"id":11592,"date":"2019-09-28T07:36:51","date_gmt":"2019-09-28T05:36:51","guid":{"rendered":"https:\/\/www.dostavacvijeca-mezak.com\/?page_id=11592"},"modified":"2024-10-30T17:16:15","modified_gmt":"2024-10-30T16:16:15","slug":"homepage","status":"publish","type":"page","link":"https:\/\/www.dostavacvijeca-mezak.com\/en\/","title":{"rendered":"Homepage DOSTAVA CVIJE\u0106A MEZAK"},"content":{"rendered":"<p>[et_pb_section fb_built=&#8221;1&#8243; fullwidth=&#8221;on&#8221; module_class=&#8221;home-slider&#8221; _builder_version=&#8221;4.16&#8243; background_color=&#8221;#EBE0E0&#8243; locked=&#8221;off&#8221; global_colors_info=&#8221;{}&#8221;][et_pb_fullwidth_code _builder_version=&#8221;4.16&#8243; global_colors_info=&#8221;{}&#8221;][\/et_pb_fullwidth_code][\/et_pb_section][et_pb_section fb_built=&#8221;1&#8243; _builder_version=&#8221;4.16&#8243; _module_preset=&#8221;default&#8221; background_color=&#8221;#EBE3E0&#8243; global_colors_info=&#8221;{}&#8221;][et_pb_row column_structure=&#8221;1_2,1_2&#8243; _builder_version=&#8221;4.16&#8243; _module_preset=&#8221;default&#8221; custom_padding=&#8221;||10px|&#8221; global_colors_info=&#8221;{}&#8221;][et_pb_column type=&#8221;1_2&#8243; _builder_version=&#8221;4.19.0&#8243; _module_preset=&#8221;default&#8221; global_colors_info=&#8221;{}&#8221;][\/et_pb_column][et_pb_column type=&#8221;1_2&#8243; _builder_version=&#8221;4.16&#8243; _module_preset=&#8221;default&#8221; global_colors_info=&#8221;{}&#8221;][et_pb_text _builder_version=&#8221;4.23.1&#8243; _module_preset=&#8221;default&#8221; hover_enabled=&#8221;0&#8243; global_colors_info=&#8221;{}&#8221; sticky_enabled=&#8221;0&#8243;]<\/p>\n<p><span style=\"color: #ff0000;\">\u00a0<\/span><\/p>\n<p>&nbsp;<\/p>\n<p>.<\/p>\n<p>[\/et_pb_text][\/et_pb_column][\/et_pb_row][et_pb_row column_structure=&#8221;1_2,1_2&#8243; make_equal=&#8221;on&#8221; admin_label=&#8221;IZMJENA SLIKE &#8211; kliknuti na drugi stupac Coloum &#8211; DESNO ZA IZMJENU SLIKE&#8221; module_class=&#8221;shop-category-cta&#8221; _builder_version=&#8221;4.23.1&#8243; background_enable_image=&#8221;off&#8221; background_position=&#8221;center_right&#8221; custom_margin=&#8221;0px||0px|&#8221; custom_padding=&#8221;15px||15px|&#8221; link_option_url=&#8221;https:\/\/www.dostavacvijeca-mezak.com\/en\/product-category\/buketi-en\/&#8221; global_colors_info=&#8221;{}&#8221;][et_pb_column type=&#8221;1_2&#8243; module_class=&#8221;column-shop &#8221; _builder_version=&#8221;4.16&#8243; custom_padding=&#8221;|||&#8221; global_colors_info=&#8221;{}&#8221; custom_padding__hover=&#8221;|||&#8221;][et_pb_shop type=&#8221;featured&#8221; posts_number=&#8221;4&#8243; columns_number=&#8221;2&#8243; orderby=&#8221;date&#8221; _builder_version=&#8221;4.23.1&#8243; global_colors_info=&#8221;{}&#8221;][\/et_pb_shop][\/et_pb_column][et_pb_column type=&#8221;1_2&#8243; module_class=&#8221;column-cta&#8221; admin_label=&#8221;DESNO za izmjenu slike&#8221; _builder_version=&#8221;4.23.1&#8243; background_enable_color=&#8221;off&#8221; background_color_gradient_start=&#8221;#177016&#8243; background_image=&#8221;https:\/\/www.dostavacvijeca-mezak.com\/wp-content\/uploads\/2024\/02\/image18-1-scaled.jpeg&#8221; background_position=&#8221;center_left&#8221; custom_padding=&#8221;|||&#8221; global_colors_info=&#8221;{}&#8221; custom_padding__hover=&#8221;|||&#8221;][et_pb_cta button_text=&#8221;https:\/\/www.dostavacvijeca-mezak.com\/en\/product-category\/8-mart-buketi-en\/&#8221; admin_label=&#8221;DESNO za upis teksta&#8221; _builder_version=&#8221;4.23.1&#8243; header_font=&#8221;|700||on|||||&#8221; header_text_color=&#8221;#000000&#8243; header_font_size=&#8221;50px&#8221; body_font=&#8221;|300|||||||&#8221; body_font_size=&#8221;25px&#8221; use_background_color=&#8221;off&#8221; custom_button=&#8221;on&#8221; button_text_size=&#8221;16px&#8221; button_use_icon=&#8221;off&#8221; header_font_size_tablet=&#8221;40px&#8221; header_font_size_phone=&#8221;35px&#8221; header_font_size_last_edited=&#8221;on|phone&#8221; body_font_size_tablet=&#8221;23px&#8221; body_font_size_phone=&#8221;20px&#8221; body_font_size_last_edited=&#8221;on|desktop&#8221; custom_css_promo_title=&#8221;padding-bottom: 5px;&#8221; global_colors_info=&#8221;{}&#8221; button_text_size__hover_enabled=&#8221;off&#8221; button_one_text_size__hover_enabled=&#8221;off&#8221; button_two_text_size__hover_enabled=&#8221;off&#8221; button_text_color__hover_enabled=&#8221;off&#8221; button_one_text_color__hover_enabled=&#8221;off&#8221; button_two_text_color__hover_enabled=&#8221;off&#8221; button_border_width__hover_enabled=&#8221;off&#8221; button_one_border_width__hover_enabled=&#8221;off&#8221; button_two_border_width__hover_enabled=&#8221;off&#8221; button_border_color__hover_enabled=&#8221;off&#8221; button_one_border_color__hover_enabled=&#8221;off&#8221; button_two_border_color__hover_enabled=&#8221;off&#8221; button_border_radius__hover_enabled=&#8221;off&#8221; button_one_border_radius__hover_enabled=&#8221;off&#8221; button_two_border_radius__hover_enabled=&#8221;off&#8221; button_letter_spacing__hover_enabled=&#8221;off&#8221; button_one_letter_spacing__hover_enabled=&#8221;off&#8221; button_two_letter_spacing__hover_enabled=&#8221;off&#8221; button_bg_color__hover_enabled=&#8221;off&#8221; button_one_bg_color__hover_enabled=&#8221;off&#8221; button_two_bg_color__hover_enabled=&#8221;off&#8221;]GIFT BOUQUETS, FLOWER BOX<br \/>\nMARCH 8[\/et_pb_cta][\/et_pb_column][\/et_pb_row][\/et_pb_section][et_pb_section fb_built=&#8221;1&#8243; admin_label=&#8221;Section &#8211; Bottom Blurbs&#8221; module_class=&#8221;bottom-blurbs&#8221; _builder_version=&#8221;4.16&#8243; custom_margin=&#8221;10px||40px|&#8221; custom_padding=&#8221;0px||0px|&#8221; saved_tabs=&#8221;all&#8221; global_colors_info=&#8221;{}&#8221;][et_pb_row column_structure=&#8221;1_3,1_3,1_3&#8243; use_custom_gutter=&#8221;on&#8221; make_equal=&#8221;on&#8221; _builder_version=&#8221;4.16&#8243; max_width=&#8221;1080px&#8221; custom_margin=&#8221;0px||0px|&#8221; custom_padding=&#8221;0px||0px|&#8221; global_colors_info=&#8221;{}&#8221;][et_pb_column type=&#8221;1_3&#8243; _builder_version=&#8221;4.16&#8243; custom_padding=&#8221;|||&#8221; global_colors_info=&#8221;{}&#8221; custom_padding__hover=&#8221;|||&#8221;][et_pb_blurb title=&#8221;Brza isporuka&#8221; use_icon=&#8221;on&#8221; font_icon=&#8221;&#xe015;||divi||400&#8243; icon_color=&#8221;#777777&#8243; icon_placement=&#8221;left&#8221; image_icon_width=&#8221;30px&#8221; admin_label=&#8221;Blurb &#8211; Free Shipping&#8221; _builder_version=&#8221;4.16&#8243; header_font=&#8221;|600||on|||||&#8221; header_text_color=&#8221;#111111&#8243; header_font_size=&#8221;16px&#8221; body_font=&#8221;|300|||||||&#8221; body_line_height=&#8221;1.5&#8243; icon_font_size=&#8221;30px&#8221; global_colors_info=&#8221;{}&#8221;]<\/p>\n<p>dostava unutar 3 sata od dobivene potvrde o pla\u010denom ra\u010dunu<\/p>\n<p>[\/et_pb_blurb][\/et_pb_column][et_pb_column type=&#8221;1_3&#8243; _builder_version=&#8221;4.16&#8243; custom_padding=&#8221;|||&#8221; global_colors_info=&#8221;{}&#8221; custom_padding__hover=&#8221;|||&#8221;][et_pb_blurb title=&#8221;Sigurno pla\u0107anje&#8221; use_icon=&#8221;on&#8221; font_icon=&#8221;&#xe014;||divi||400&#8243; icon_color=&#8221;#777777&#8243; icon_placement=&#8221;left&#8221; image_icon_width=&#8221;30px&#8221; admin_label=&#8221;Blurb &#8211; Secure Payment&#8221; _builder_version=&#8221;4.16&#8243; header_font=&#8221;|600||on|||||&#8221; header_text_color=&#8221;#111111&#8243; header_font_size=&#8221;16&#8243; body_font=&#8221;|300|||||||&#8221; body_line_height=&#8221;1.5&#8243; icon_font_size=&#8221;30px&#8221; global_colors_info=&#8221;{}&#8221;]<\/p>\n<p>Garancija sigurne kupovine<\/p>\n<p>[\/et_pb_blurb][\/et_pb_column][et_pb_column type=&#8221;1_3&#8243; _builder_version=&#8221;4.16&#8243; custom_padding=&#8221;|||&#8221; global_colors_info=&#8221;{}&#8221; custom_padding__hover=&#8221;|||&#8221;][et_pb_blurb title=&#8221;100% zadovoljni klijneti&#8221; use_icon=&#8221;on&#8221; font_icon=&#8221;&#xe100;||divi||400&#8243; icon_color=&#8221;#777777&#8243; icon_placement=&#8221;left&#8221; image_icon_width=&#8221;30px&#8221; admin_label=&#8221;Blurb &#8211; Money Guarantee&#8221; _builder_version=&#8221;4.16&#8243; header_font=&#8221;|600||on|||||&#8221; header_text_color=&#8221;#111111&#8243; header_font_size=&#8221;16&#8243; body_font=&#8221;|300|||||||&#8221; body_line_height=&#8221;1.5&#8243; icon_font_size=&#8221;30px&#8221; global_colors_info=&#8221;{}&#8221;]<\/p>\n<p>Zadovoljstvo klijenta nam je prioritet u poslovanju.<\/p>\n<p>[\/et_pb_blurb][\/et_pb_column][\/et_pb_row][\/et_pb_section][et_pb_section fb_built=&#8221;1&#8243; admin_label=&#8221;Section &#8211; Deal of the day&#8221; module_class=&#8221;today-deal&#8221; _builder_version=&#8221;4.16&#8243; background_enable_color=&#8221;off&#8221; custom_padding=&#8221;40px||40px|&#8221; global_colors_info=&#8221;{}&#8221;][et_pb_row column_structure=&#8221;1_2,1_2&#8243; make_equal=&#8221;on&#8221; module_class=&#8221;deal_row&#8221; _builder_version=&#8221;4.16&#8243; custom_margin=&#8221;0px||0px|&#8221; custom_padding=&#8221;0px||0px|&#8221; global_colors_info=&#8221;{}&#8221;][et_pb_column type=&#8221;1_2&#8243; _builder_version=&#8221;4.16&#8243; custom_padding=&#8221;|||&#8221; global_colors_info=&#8221;{}&#8221; custom_padding__hover=&#8221;|||&#8221;][\/et_pb_column][et_pb_column type=&#8221;1_2&#8243; _builder_version=&#8221;4.16&#8243; custom_padding=&#8221;|||&#8221; global_colors_info=&#8221;{}&#8221; custom_padding__hover=&#8221;|||&#8221;][\/et_pb_column][\/et_pb_row][\/et_pb_section][et_pb_section fb_built=&#8221;1&#8243; disabled_on=&#8221;on|on|on&#8221; admin_label=&#8221;Section &#8211; Newsletter&#8221; module_class=&#8221;newsletter-section&#8221; _builder_version=&#8221;4.16&#8243; custom_padding=&#8221;0px||20px|&#8221; disabled=&#8221;on&#8221; collapsed=&#8221;off&#8221; global_colors_info=&#8221;{}&#8221;][et_pb_row column_structure=&#8221;1_3,2_3&#8243; _builder_version=&#8221;4.16&#8243; background_color=&#8221;#f6f6f6&#8243; background_image=&#8221;https:\/\/www.dostavacvijeca-mezak.com\/wp-content\/uploads\/2017\/11\/furniture_newsletter.jpg&#8221; background_position=&#8221;center_right&#8221; width=&#8221;90%&#8221; max_width=&#8221;90%&#8221; use_custom_width=&#8221;on&#8221; width_unit=&#8221;off&#8221; custom_width_percent=&#8221;90%&#8221; global_colors_info=&#8221;{}&#8221;][et_pb_column type=&#8221;1_3&#8243; _builder_version=&#8221;4.16&#8243; custom_padding=&#8221;|||&#8221; global_colors_info=&#8221;{}&#8221; custom_padding__hover=&#8221;|||&#8221;][\/et_pb_column][et_pb_column type=&#8221;2_3&#8243; _builder_version=&#8221;4.16&#8243; custom_padding=&#8221;|||&#8221; global_colors_info=&#8221;{}&#8221; custom_padding__hover=&#8221;|||&#8221;][et_pb_text admin_label=&#8221;Newsletter Header&#8221; module_class=&#8221;newsletter-header&#8221; _builder_version=&#8221;4.16&#8243; module_alignment=&#8221;center&#8221; global_colors_info=&#8221;{}&#8221;]<\/p>\n<h1>Prijavite se na na\u0161 newsletter!<\/h1>\n<p>[\/et_pb_text][et_pb_code admin_label=&#8221;Newsletter shortcode&#8221; _builder_version=&#8221;4.16&#8243; global_colors_info=&#8221;{}&#8221;][caldera_form id=&#8221;CF59c8d8a75c5cd&#8221;]<!-- [et_pb_line_break_holder] --><!-- [et_pb_line_break_holder] --><!-- [et_pb_line_break_holder] --><!-- [et_pb_line_break_holder] --><!-- [et_pb_line_break_holder] -->[\/et_pb_code][\/et_pb_column][\/et_pb_row][\/et_pb_section]<\/p>\n","protected":false},"excerpt":{"rendered":"<p>\u00a0 &nbsp; .GIFT BOUQUETS, FLOWER BOX MARCH 8dostava unutar 3 sata od dobivene potvrde o pla\u010denom ra\u010dunuGarancija sigurne kupovineZadovoljstvo klijenta nam je prioritet u poslovanju.Prijavite se na na\u0161 newsletter! [caldera_form id=&#8221;CF59c8d8a75c5cd&#8221;]<\/p>\n","protected":false},"author":1,"featured_media":0,"parent":0,"menu_order":0,"comment_status":"closed","ping_status":"closed","template":"","meta":{"_et_pb_use_builder":"on","_et_pb_old_content":"","_et_gb_content_width":"","footnotes":""},"class_list":["post-11592","page","type-page","status-publish","hentry"],"yoast_head":"<!-- This site is optimized with the Yoast SEO plugin v27.5 - https:\/\/yoast.com\/product\/yoast-seo-wordpress\/ -->\n<title>Homepage DOSTAVA CVIJE\u0106A MEZAK - Dostava cvije\u0107a Mezak<\/title>\n<meta name=\"robots\" content=\"index, follow, max-snippet:-1, max-image-preview:large, max-video-preview:-1\" \/>\n<link rel=\"canonical\" href=\"https:\/\/www.dostavacvijeca-mezak.com\/\" \/>\n<meta property=\"og:locale\" content=\"en_US\" \/>\n<meta property=\"og:type\" content=\"article\" \/>\n<meta property=\"og:title\" content=\"Homepage DOSTAVA CVIJE\u0106A MEZAK - Dostava cvije\u0107a Mezak\" \/>\n<meta property=\"og:description\" content=\"\u00a0 &nbsp; .GIFT BOUQUETS, FLOWER BOX MARCH 8dostava unutar 3 sata od dobivene potvrde o pla\u010denom ra\u010dunuGarancija sigurne kupovineZadovoljstvo klijenta nam je prioritet u poslovanju.Prijavite se na na\u0161 newsletter! [caldera_form id=&quot;CF59c8d8a75c5cd&quot;]\" \/>\n<meta property=\"og:url\" content=\"https:\/\/www.dostavacvijeca-mezak.com\/\" \/>\n<meta property=\"og:site_name\" content=\"Dostava cvije\u0107a Mezak\" \/>\n<meta property=\"article:modified_time\" content=\"2024-10-30T16:16:15+00:00\" \/>\n<meta name=\"twitter:card\" content=\"summary_large_image\" \/>\n<meta name=\"twitter:label1\" content=\"Est. reading time\" \/>\n\t<meta name=\"twitter:data1\" content=\"2 minutes\" \/>\n<script type=\"application\/ld+json\" class=\"yoast-schema-graph\">{\"@context\":\"https:\\\/\\\/schema.org\",\"@graph\":[{\"@type\":\"WebPage\",\"@id\":\"https:\\\/\\\/www.dostavacvijeca-mezak.com\\\/\",\"url\":\"https:\\\/\\\/www.dostavacvijeca-mezak.com\\\/\",\"name\":\"Homepage DOSTAVA CVIJE\u0106A MEZAK - Dostava cvije\u0107a Mezak\",\"isPartOf\":{\"@id\":\"https:\\\/\\\/www.dostavacvijeca-mezak.com\\\/#website\"},\"datePublished\":\"2019-09-28T05:36:51+00:00\",\"dateModified\":\"2024-10-30T16:16:15+00:00\",\"breadcrumb\":{\"@id\":\"https:\\\/\\\/www.dostavacvijeca-mezak.com\\\/#breadcrumb\"},\"inLanguage\":\"en-US\",\"potentialAction\":[{\"@type\":\"ReadAction\",\"target\":[\"https:\\\/\\\/www.dostavacvijeca-mezak.com\\\/\"]}]},{\"@type\":\"BreadcrumbList\",\"@id\":\"https:\\\/\\\/www.dostavacvijeca-mezak.com\\\/#breadcrumb\",\"itemListElement\":[{\"@type\":\"ListItem\",\"position\":1,\"name\":\"Home\",\"item\":\"https:\\\/\\\/www.dostavacvijeca-mezak.com\\\/\"},{\"@type\":\"ListItem\",\"position\":2,\"name\":\"Homepage DOSTAVA CVIJE\u0106A MEZAK\"}]},{\"@type\":\"WebSite\",\"@id\":\"https:\\\/\\\/www.dostavacvijeca-mezak.com\\\/#website\",\"url\":\"https:\\\/\\\/www.dostavacvijeca-mezak.com\\\/\",\"name\":\"Dostava cvije\u0107a Mezak\",\"description\":\"Samo jo\u0161 jedna WordPress web-stranica\",\"publisher\":{\"@id\":\"https:\\\/\\\/www.dostavacvijeca-mezak.com\\\/#organization\"},\"potentialAction\":[{\"@type\":\"SearchAction\",\"target\":{\"@type\":\"EntryPoint\",\"urlTemplate\":\"https:\\\/\\\/www.dostavacvijeca-mezak.com\\\/?s={search_term_string}\"},\"query-input\":{\"@type\":\"PropertyValueSpecification\",\"valueRequired\":true,\"valueName\":\"search_term_string\"}}],\"inLanguage\":\"en-US\"},{\"@type\":\"Organization\",\"@id\":\"https:\\\/\\\/www.dostavacvijeca-mezak.com\\\/#organization\",\"name\":\"DOSTAVA CVIJE\u0106A MEZAK\",\"url\":\"https:\\\/\\\/www.dostavacvijeca-mezak.com\\\/\",\"logo\":{\"@type\":\"ImageObject\",\"inLanguage\":\"en-US\",\"@id\":\"https:\\\/\\\/www.dostavacvijeca-mezak.com\\\/#\\\/schema\\\/logo\\\/image\\\/\",\"url\":\"https:\\\/\\\/www.dostavacvijeca-mezak.com\\\/wp-content\\\/uploads\\\/2019\\\/04\\\/dostava-cvijeca-mezak-logo.jpg\",\"contentUrl\":\"https:\\\/\\\/www.dostavacvijeca-mezak.com\\\/wp-content\\\/uploads\\\/2019\\\/04\\\/dostava-cvijeca-mezak-logo.jpg\",\"width\":244,\"height\":92,\"caption\":\"DOSTAVA CVIJE\u0106A MEZAK\"},\"image\":{\"@id\":\"https:\\\/\\\/www.dostavacvijeca-mezak.com\\\/#\\\/schema\\\/logo\\\/image\\\/\"}}]}<\/script>\n<!-- \/ Yoast SEO plugin. -->","yoast_head_json":{"title":"Homepage DOSTAVA CVIJE\u0106A MEZAK - Dostava cvije\u0107a Mezak","robots":{"index":"index","follow":"follow","max-snippet":"max-snippet:-1","max-image-preview":"max-image-preview:large","max-video-preview":"max-video-preview:-1"},"canonical":"https:\/\/www.dostavacvijeca-mezak.com\/","og_locale":"en_US","og_type":"article","og_title":"Homepage DOSTAVA CVIJE\u0106A MEZAK - Dostava cvije\u0107a Mezak","og_description":"\u00a0 &nbsp; .GIFT BOUQUETS, FLOWER BOX MARCH 8dostava unutar 3 sata od dobivene potvrde o pla\u010denom ra\u010dunuGarancija sigurne kupovineZadovoljstvo klijenta nam je prioritet u poslovanju.Prijavite se na na\u0161 newsletter! [caldera_form id=\"CF59c8d8a75c5cd\"]","og_url":"https:\/\/www.dostavacvijeca-mezak.com\/","og_site_name":"Dostava cvije\u0107a Mezak","article_modified_time":"2024-10-30T16:16:15+00:00","twitter_card":"summary_large_image","twitter_misc":{"Est. reading time":"2 minutes"},"schema":{"@context":"https:\/\/schema.org","@graph":[{"@type":"WebPage","@id":"https:\/\/www.dostavacvijeca-mezak.com\/","url":"https:\/\/www.dostavacvijeca-mezak.com\/","name":"Homepage DOSTAVA CVIJE\u0106A MEZAK - Dostava cvije\u0107a Mezak","isPartOf":{"@id":"https:\/\/www.dostavacvijeca-mezak.com\/#website"},"datePublished":"2019-09-28T05:36:51+00:00","dateModified":"2024-10-30T16:16:15+00:00","breadcrumb":{"@id":"https:\/\/www.dostavacvijeca-mezak.com\/#breadcrumb"},"inLanguage":"en-US","potentialAction":[{"@type":"ReadAction","target":["https:\/\/www.dostavacvijeca-mezak.com\/"]}]},{"@type":"BreadcrumbList","@id":"https:\/\/www.dostavacvijeca-mezak.com\/#breadcrumb","itemListElement":[{"@type":"ListItem","position":1,"name":"Home","item":"https:\/\/www.dostavacvijeca-mezak.com\/"},{"@type":"ListItem","position":2,"name":"Homepage DOSTAVA CVIJE\u0106A MEZAK"}]},{"@type":"WebSite","@id":"https:\/\/www.dostavacvijeca-mezak.com\/#website","url":"https:\/\/www.dostavacvijeca-mezak.com\/","name":"Dostava cvije\u0107a Mezak","description":"Samo jo\u0161 jedna WordPress web-stranica","publisher":{"@id":"https:\/\/www.dostavacvijeca-mezak.com\/#organization"},"potentialAction":[{"@type":"SearchAction","target":{"@type":"EntryPoint","urlTemplate":"https:\/\/www.dostavacvijeca-mezak.com\/?s={search_term_string}"},"query-input":{"@type":"PropertyValueSpecification","valueRequired":true,"valueName":"search_term_string"}}],"inLanguage":"en-US"},{"@type":"Organization","@id":"https:\/\/www.dostavacvijeca-mezak.com\/#organization","name":"DOSTAVA CVIJE\u0106A MEZAK","url":"https:\/\/www.dostavacvijeca-mezak.com\/","logo":{"@type":"ImageObject","inLanguage":"en-US","@id":"https:\/\/www.dostavacvijeca-mezak.com\/#\/schema\/logo\/image\/","url":"https:\/\/www.dostavacvijeca-mezak.com\/wp-content\/uploads\/2019\/04\/dostava-cvijeca-mezak-logo.jpg","contentUrl":"https:\/\/www.dostavacvijeca-mezak.com\/wp-content\/uploads\/2019\/04\/dostava-cvijeca-mezak-logo.jpg","width":244,"height":92,"caption":"DOSTAVA CVIJE\u0106A MEZAK"},"image":{"@id":"https:\/\/www.dostavacvijeca-mezak.com\/#\/schema\/logo\/image\/"}}]}},"_links":{"self":[{"href":"https:\/\/www.dostavacvijeca-mezak.com\/en\/wp-json\/wp\/v2\/pages\/11592","targetHints":{"allow":["GET"]}}],"collection":[{"href":"https:\/\/www.dostavacvijeca-mezak.com\/en\/wp-json\/wp\/v2\/pages"}],"about":[{"href":"https:\/\/www.dostavacvijeca-mezak.com\/en\/wp-json\/wp\/v2\/types\/page"}],"author":[{"embeddable":true,"href":"https:\/\/www.dostavacvijeca-mezak.com\/en\/wp-json\/wp\/v2\/users\/1"}],"replies":[{"embeddable":true,"href":"https:\/\/www.dostavacvijeca-mezak.com\/en\/wp-json\/wp\/v2\/comments?post=11592"}],"version-history":[{"count":55,"href":"https:\/\/www.dostavacvijeca-mezak.com\/en\/wp-json\/wp\/v2\/pages\/11592\/revisions"}],"predecessor-version":[{"id":32877,"href":"https:\/\/www.dostavacvijeca-mezak.com\/en\/wp-json\/wp\/v2\/pages\/11592\/revisions\/32877"}],"wp:attachment":[{"href":"https:\/\/www.dostavacvijeca-mezak.com\/en\/wp-json\/wp\/v2\/media?parent=11592"}],"curies":[{"name":"wp","href":"https:\/\/api.w.org\/{rel}","templated":true}]}}