{"id":11605,"date":"2019-09-28T07:54:52","date_gmt":"2019-09-28T05:54:52","guid":{"rendered":"https:\/\/www.dostavacvijeca-mezak.com\/references\/"},"modified":"2019-09-28T07:54:52","modified_gmt":"2019-09-28T05:54:52","slug":"references","status":"publish","type":"page","link":"https:\/\/www.dostavacvijeca-mezak.com\/en\/references\/","title":{"rendered":"References"},"content":{"rendered":"<p>[et_pb_section bb_built=&#8221;1&#8243;][et_pb_row][et_pb_column type=&#8221;4_4&#8243;][et_pb_text _builder_version=&#8221;3.21.4&#8243; z_index_tablet=&#8221;500&#8243;]<\/p>\n<div class=\"rte\">\n<h3>The Companies we work with:<\/h3>\n<p>&#8220;CROATIA LLOYD&#8221;D.D<br \/>\n24 sata<br \/>\nAGRAM \u017dIVOTNO OSIGURANJE DD<br \/>\nAKADEMIJA MEDICINSKIH ZNANOSTI<br \/>\nALKALOID DOO<br \/>\nALPINA CRO DOO<br \/>\nASCON INSTITUT D.O.O.<br \/>\nBALTAZAR DIZAJN<br \/>\nBILOG<br \/>\nBIPA D.O.O.<br \/>\nBSH KU\u010cANSKI URE\u0110AJI<br \/>\nCATERING LTC<br \/>\nCENTAR ORIGO<br \/>\nCENTAR ZA ODGOJ I OBRAZOVANJE DUBRAVA<br \/>\nCONSILIUM COMODUM<br \/>\nCROZ doo<br \/>\n\u010cAROBNA RIJE\u010c DOO<br \/>\n\u010cISTILICA DOO<br \/>\nDALEKOVOD dd<br \/>\nDELTA AIR D OO<br \/>\nDINO NAJAM NEKRETNINE<br \/>\nDINO USLUGE I SMJE\u0160TAJ<br \/>\nDJE\u010cJI DOM ZAGREB<br \/>\nDJE\u010cJI VRTI\u0106 MEDVE\u0160\u010cAK<br \/>\nDOM BIZEK<br \/>\nDOMINO<br \/>\nDRAEGER SAFETY<br \/>\nDRAGER MEDICAL CROATIA DOO<br \/>\nDV M . SACHSA<br \/>\nDV SAVICA<br \/>\nDV SIGET<br \/>\nECCO-OBU\u010cA DOO<br \/>\nEKO STANDARD<br \/>\nELECTROLUX<br \/>\nELKA D.O.O.<br \/>\nEMES<br \/>\nEOS MATRIX<br \/>\nEPC&#8221;STIJENA SPASENJA#<br \/>\nEURO MODUS D.O.O.<br \/>\nFILIP TRADE<br \/>\nFOKUS<br \/>\nFOTON PROMET DOO<br \/>\nGABRIELA BRAUN JELA\u0160I\u0106<br \/>\nGRAFI\u010cKI FAKULTET<br \/>\nH D \u017dELJEZNI\u010cKIH IN\u017dINJERA<br \/>\nHAAK MLADOST<br \/>\nHDON ZAGREB<br \/>\nHENDRIH I FELDBAUER<br \/>\nHEP-PROIZVODNJA d.o.o.SEKTOR ZA TERMOELEKTRANE<br \/>\nHEPTA<br \/>\nHNB<br \/>\nHPO<br \/>\nHRT<br \/>\nHRVATSKA AKADEMIJA ZNANOSTI I UMJETNOSTI<br \/>\nHRVATSKE VODE<br \/>\nHRVATSKI GEOLO\u0160KI INSTITUT<br \/>\nHRVATSKI TELEKOM DD<br \/>\nHRVATSKI ZAVOD ZA JAVNO ZDRAVSTVO<br \/>\nHRVATSKO DRU\u0160TVO FARMAKOLOGA<br \/>\nHSRB<br \/>\nHSU ZAGREB<br \/>\nINSTITUT IGH DD<br \/>\nINTER -IDEA<br \/>\nInterni partner<br \/>\nINTPRO<br \/>\nIVICOM CONSALTING<br \/>\nJANUS<br \/>\nJAVNI BILJE\u017dNIK ZORKA \u010cAVAJDA<br \/>\nJELA PLUS DOO<br \/>\nJGL DD<br \/>\nKARATE KLUB CROATIA<br \/>\nKEMIG DOO<br \/>\nK-INDEX, ZGRADA ZVONIMIRA ROGOZA 1<br \/>\nKK ZAGREB<br \/>\nKLIMA SECUNDUS d.o.o.<br \/>\nklok<br \/>\nKMAG DOO<br \/>\nKONZALTING<br \/>\nLABORATORIUM 360<br \/>\nLIBRA TEHNI\u010cAR DOO<br \/>\nLINGUA GRUPA<br \/>\nLOCUS PROJEKT DOO<br \/>\nLOVA\u010cKI SAVEZ GRADA ZAGREBA<br \/>\nLJEKARNA AVICENNA<br \/>\nLJEKARNE PRIMAPHARME<br \/>\nMARIJINO ZVONO<br \/>\nMBE-SISTEMI DOO<br \/>\nMEDIA AGENT d.o.o.<br \/>\nMEDIKA<br \/>\nMEDI-LAB d.o.o.<br \/>\nMEKOVEC DOO<br \/>\nMINI MAJOR<br \/>\nMINISTARSTVO BRANITELJA<br \/>\nMUFI\u0106 SLOBODAN<br \/>\nNORMA PROM<br \/>\nNSK<br \/>\nODVJETNIK JOSIP BUTIGAN<br \/>\nOOM DR VI\u0160NJA PJACA<br \/>\nOPTIKA STEPINAC<br \/>\nORD,OP.MED.K.MILJEVI\u0106<br \/>\nORIFLAME KOZMETIKA<br \/>\nO\u0160 JURE KA\u0160TELAN<br \/>\nO\u0160 TRNJANSKA<br \/>\nOZANA<br \/>\nPARTNER ELEKTRIK GOO<br \/>\nPETRINI\u0106 USLUGE<br \/>\nPHILIPS d.o.o.<br \/>\nPLIVA HRVATSKA DOO<br \/>\nPOLIKLINIKA BAGATIN<br \/>\nPOLIKLINIKA SUNCE<br \/>\nPROPELER FILM<br \/>\nRAPHAEL DOO<br \/>\nREM PLUS OBRT ZA IT<br \/>\nSALUS-MED<br \/>\nSAPIENTIA NOVA<br \/>\nSERVIER PHARMA d.o.o.<br \/>\nSINDIKAT \u010cISTO\u0106A ZAGREB<br \/>\nSKUD IGK GRUPA ZA ME\u0110.FOLKLOR<br \/>\nSMOKI DOO<br \/>\nSPAR HRVATSKA<br \/>\nSPEC.ORDINACIJA ZA ORTOD.<br \/>\nSTAMBENA ZGRADA Z ROGOZA 3 &#8211; UPRAVITELJ HPC<br \/>\nSTOMA MEDICAL<br \/>\nST\u0160 FAUSTA VRAN\u010cI\u010cA<br \/>\nSUNCE OSIGURANJE<br \/>\nSUPERFLUO doo<br \/>\nSUPER-SPORT<br \/>\nSVE 5<br \/>\nTEKNOXGROUP HRVATSKA d.o.o.<br \/>\nTEKSO<br \/>\nTERMORAD<br \/>\nTRNJANKA<br \/>\nTTM GRAF d.o.o.<br \/>\nU O ARHITEKTA<br \/>\nUDRUGA 100% HRVI I SKUPINE<br \/>\nUDRUGA IBCIC SAVJETNICA ZA DOJENJE<br \/>\nUDRUGA RATNIH VETERANA 2.GBR GROMOVI<br \/>\nUDRUGA UDOVICA HB IZ DOM.RATA GRADA ZAGREBA I ZAG. \u017dUPANIJE<br \/>\nURED OVL. ART. BRANKA IVI\u0106 DAMJANI\u0106<br \/>\nUZOR KALISARA<br \/>\nVEDRA KOR D.O.O.<br \/>\nVELEBIT OSIGURANJE<br \/>\nVELEBIT \u017dIVOTNO OSIGURANJE<br \/>\nVISOKA \u0160KOLA AGORA<br \/>\nVUD doo<br \/>\nZAGREBA\u010cKA BANKA<br \/>\nZAGREBA\u010cKA \u017dUPANIJA<br \/>\nZAGREBA\u010cKI HOLDING-ZET<br \/>\nZAKLADA ZAJEDNI\u010cKI PUT<br \/>\nZOE CONSULT doo<br \/>\nZUMTOBEL LICHT doo<\/p>\n<\/div>\n<p>[\/et_pb_text][\/et_pb_column][\/et_pb_row][\/et_pb_section]<\/p>\n","protected":false},"excerpt":{"rendered":"<p><div class=\"et_pb_row et_pb_row_0 et_pb_row_empty\">\n\t\t\t\t\n\t\t\t\t\n\t\t\t\t\n\t\t\t\t\n\t\t\t\t\n\t\t\t<\/div> The Companies we work with: &#8220;CROATIA LLOYD&#8221;D.D 24 sata AGRAM \u017dIVOTNO OSIGURANJE DD AKADEMIJA MEDICINSKIH ZNANOSTI ALKALOID DOO ALPINA CRO DOO ASCON INSTITUT D.O.O. BALTAZAR DIZAJN BILOG BIPA D.O.O. BSH KU\u010cANSKI URE\u0110AJI CATERING LTC CENTAR ORIGO CENTAR ZA ODGOJ I OBRAZOVANJE DUBRAVA CONSILIUM COMODUM CROZ doo \u010cAROBNA RIJE\u010c DOO \u010cISTILICA DOO DALEKOVOD dd DELTA [&hellip;]<\/p>\n","protected":false},"author":1,"featured_media":0,"parent":0,"menu_order":0,"comment_status":"closed","ping_status":"closed","template":"","meta":{"_et_pb_use_builder":"on","_et_pb_old_content":"","_et_gb_content_width":"","footnotes":""},"class_list":["post-11605","page","type-page","status-publish","hentry"],"yoast_head":"<!-- This site is optimized with the Yoast SEO plugin v27.5 - https:\/\/yoast.com\/product\/yoast-seo-wordpress\/ -->\n<title>References - Dostava cvije\u0107a Mezak<\/title>\n<meta name=\"robots\" content=\"index, follow, max-snippet:-1, max-image-preview:large, max-video-preview:-1\" \/>\n<link rel=\"canonical\" href=\"https:\/\/www.dostavacvijeca-mezak.com\/en\/references\/\" \/>\n<meta property=\"og:locale\" content=\"en_US\" \/>\n<meta property=\"og:type\" content=\"article\" \/>\n<meta property=\"og:title\" content=\"References - Dostava cvije\u0107a Mezak\" \/>\n<meta property=\"og:description\" content=\"The Companies we work with: &quot;CROATIA LLOYD&quot;D.D 24 sata AGRAM \u017dIVOTNO OSIGURANJE DD AKADEMIJA MEDICINSKIH ZNANOSTI ALKALOID DOO ALPINA CRO DOO ASCON INSTITUT D.O.O. BALTAZAR DIZAJN BILOG BIPA D.O.O. BSH KU\u010cANSKI URE\u0110AJI CATERING LTC CENTAR ORIGO CENTAR ZA ODGOJ I OBRAZOVANJE DUBRAVA CONSILIUM COMODUM CROZ doo \u010cAROBNA RIJE\u010c DOO \u010cISTILICA DOO DALEKOVOD dd DELTA [&hellip;]\" \/>\n<meta property=\"og:url\" content=\"https:\/\/www.dostavacvijeca-mezak.com\/en\/references\/\" \/>\n<meta property=\"og:site_name\" content=\"Dostava cvije\u0107a Mezak\" \/>\n<meta name=\"twitter:card\" content=\"summary_large_image\" \/>\n<meta name=\"twitter:label1\" content=\"Est. reading time\" \/>\n\t<meta name=\"twitter:data1\" content=\"2 minutes\" \/>\n<script type=\"application\/ld+json\" class=\"yoast-schema-graph\">{\"@context\":\"https:\\\/\\\/schema.org\",\"@graph\":[{\"@type\":\"WebPage\",\"@id\":\"https:\\\/\\\/www.dostavacvijeca-mezak.com\\\/en\\\/references\\\/\",\"url\":\"https:\\\/\\\/www.dostavacvijeca-mezak.com\\\/en\\\/references\\\/\",\"name\":\"References - Dostava cvije\u0107a Mezak\",\"isPartOf\":{\"@id\":\"https:\\\/\\\/www.dostavacvijeca-mezak.com\\\/#website\"},\"datePublished\":\"2019-09-28T05:54:52+00:00\",\"breadcrumb\":{\"@id\":\"https:\\\/\\\/www.dostavacvijeca-mezak.com\\\/en\\\/references\\\/#breadcrumb\"},\"inLanguage\":\"en-US\",\"potentialAction\":[{\"@type\":\"ReadAction\",\"target\":[\"https:\\\/\\\/www.dostavacvijeca-mezak.com\\\/en\\\/references\\\/\"]}]},{\"@type\":\"BreadcrumbList\",\"@id\":\"https:\\\/\\\/www.dostavacvijeca-mezak.com\\\/en\\\/references\\\/#breadcrumb\",\"itemListElement\":[{\"@type\":\"ListItem\",\"position\":1,\"name\":\"Home\",\"item\":\"https:\\\/\\\/www.dostavacvijeca-mezak.com\\\/\"},{\"@type\":\"ListItem\",\"position\":2,\"name\":\"References\"}]},{\"@type\":\"WebSite\",\"@id\":\"https:\\\/\\\/www.dostavacvijeca-mezak.com\\\/#website\",\"url\":\"https:\\\/\\\/www.dostavacvijeca-mezak.com\\\/\",\"name\":\"Dostava cvije\u0107a Mezak\",\"description\":\"Samo jo\u0161 jedna WordPress web-stranica\",\"publisher\":{\"@id\":\"https:\\\/\\\/www.dostavacvijeca-mezak.com\\\/#organization\"},\"potentialAction\":[{\"@type\":\"SearchAction\",\"target\":{\"@type\":\"EntryPoint\",\"urlTemplate\":\"https:\\\/\\\/www.dostavacvijeca-mezak.com\\\/?s={search_term_string}\"},\"query-input\":{\"@type\":\"PropertyValueSpecification\",\"valueRequired\":true,\"valueName\":\"search_term_string\"}}],\"inLanguage\":\"en-US\"},{\"@type\":\"Organization\",\"@id\":\"https:\\\/\\\/www.dostavacvijeca-mezak.com\\\/#organization\",\"name\":\"DOSTAVA CVIJE\u0106A MEZAK\",\"url\":\"https:\\\/\\\/www.dostavacvijeca-mezak.com\\\/\",\"logo\":{\"@type\":\"ImageObject\",\"inLanguage\":\"en-US\",\"@id\":\"https:\\\/\\\/www.dostavacvijeca-mezak.com\\\/#\\\/schema\\\/logo\\\/image\\\/\",\"url\":\"https:\\\/\\\/www.dostavacvijeca-mezak.com\\\/wp-content\\\/uploads\\\/2019\\\/04\\\/dostava-cvijeca-mezak-logo.jpg\",\"contentUrl\":\"https:\\\/\\\/www.dostavacvijeca-mezak.com\\\/wp-content\\\/uploads\\\/2019\\\/04\\\/dostava-cvijeca-mezak-logo.jpg\",\"width\":244,\"height\":92,\"caption\":\"DOSTAVA CVIJE\u0106A MEZAK\"},\"image\":{\"@id\":\"https:\\\/\\\/www.dostavacvijeca-mezak.com\\\/#\\\/schema\\\/logo\\\/image\\\/\"}}]}<\/script>\n<!-- \/ Yoast SEO plugin. -->","yoast_head_json":{"title":"References - Dostava cvije\u0107a Mezak","robots":{"index":"index","follow":"follow","max-snippet":"max-snippet:-1","max-image-preview":"max-image-preview:large","max-video-preview":"max-video-preview:-1"},"canonical":"https:\/\/www.dostavacvijeca-mezak.com\/en\/references\/","og_locale":"en_US","og_type":"article","og_title":"References - Dostava cvije\u0107a Mezak","og_description":"The Companies we work with: \"CROATIA LLOYD\"D.D 24 sata AGRAM \u017dIVOTNO OSIGURANJE DD AKADEMIJA MEDICINSKIH ZNANOSTI ALKALOID DOO ALPINA CRO DOO ASCON INSTITUT D.O.O. BALTAZAR DIZAJN BILOG BIPA D.O.O. BSH KU\u010cANSKI URE\u0110AJI CATERING LTC CENTAR ORIGO CENTAR ZA ODGOJ I OBRAZOVANJE DUBRAVA CONSILIUM COMODUM CROZ doo \u010cAROBNA RIJE\u010c DOO \u010cISTILICA DOO DALEKOVOD dd DELTA [&hellip;]","og_url":"https:\/\/www.dostavacvijeca-mezak.com\/en\/references\/","og_site_name":"Dostava cvije\u0107a Mezak","twitter_card":"summary_large_image","twitter_misc":{"Est. reading time":"2 minutes"},"schema":{"@context":"https:\/\/schema.org","@graph":[{"@type":"WebPage","@id":"https:\/\/www.dostavacvijeca-mezak.com\/en\/references\/","url":"https:\/\/www.dostavacvijeca-mezak.com\/en\/references\/","name":"References - Dostava cvije\u0107a Mezak","isPartOf":{"@id":"https:\/\/www.dostavacvijeca-mezak.com\/#website"},"datePublished":"2019-09-28T05:54:52+00:00","breadcrumb":{"@id":"https:\/\/www.dostavacvijeca-mezak.com\/en\/references\/#breadcrumb"},"inLanguage":"en-US","potentialAction":[{"@type":"ReadAction","target":["https:\/\/www.dostavacvijeca-mezak.com\/en\/references\/"]}]},{"@type":"BreadcrumbList","@id":"https:\/\/www.dostavacvijeca-mezak.com\/en\/references\/#breadcrumb","itemListElement":[{"@type":"ListItem","position":1,"name":"Home","item":"https:\/\/www.dostavacvijeca-mezak.com\/"},{"@type":"ListItem","position":2,"name":"References"}]},{"@type":"WebSite","@id":"https:\/\/www.dostavacvijeca-mezak.com\/#website","url":"https:\/\/www.dostavacvijeca-mezak.com\/","name":"Dostava cvije\u0107a Mezak","description":"Samo jo\u0161 jedna WordPress web-stranica","publisher":{"@id":"https:\/\/www.dostavacvijeca-mezak.com\/#organization"},"potentialAction":[{"@type":"SearchAction","target":{"@type":"EntryPoint","urlTemplate":"https:\/\/www.dostavacvijeca-mezak.com\/?s={search_term_string}"},"query-input":{"@type":"PropertyValueSpecification","valueRequired":true,"valueName":"search_term_string"}}],"inLanguage":"en-US"},{"@type":"Organization","@id":"https:\/\/www.dostavacvijeca-mezak.com\/#organization","name":"DOSTAVA CVIJE\u0106A MEZAK","url":"https:\/\/www.dostavacvijeca-mezak.com\/","logo":{"@type":"ImageObject","inLanguage":"en-US","@id":"https:\/\/www.dostavacvijeca-mezak.com\/#\/schema\/logo\/image\/","url":"https:\/\/www.dostavacvijeca-mezak.com\/wp-content\/uploads\/2019\/04\/dostava-cvijeca-mezak-logo.jpg","contentUrl":"https:\/\/www.dostavacvijeca-mezak.com\/wp-content\/uploads\/2019\/04\/dostava-cvijeca-mezak-logo.jpg","width":244,"height":92,"caption":"DOSTAVA CVIJE\u0106A MEZAK"},"image":{"@id":"https:\/\/www.dostavacvijeca-mezak.com\/#\/schema\/logo\/image\/"}}]}},"_links":{"self":[{"href":"https:\/\/www.dostavacvijeca-mezak.com\/en\/wp-json\/wp\/v2\/pages\/11605","targetHints":{"allow":["GET"]}}],"collection":[{"href":"https:\/\/www.dostavacvijeca-mezak.com\/en\/wp-json\/wp\/v2\/pages"}],"about":[{"href":"https:\/\/www.dostavacvijeca-mezak.com\/en\/wp-json\/wp\/v2\/types\/page"}],"author":[{"embeddable":true,"href":"https:\/\/www.dostavacvijeca-mezak.com\/en\/wp-json\/wp\/v2\/users\/1"}],"replies":[{"embeddable":true,"href":"https:\/\/www.dostavacvijeca-mezak.com\/en\/wp-json\/wp\/v2\/comments?post=11605"}],"version-history":[{"count":1,"href":"https:\/\/www.dostavacvijeca-mezak.com\/en\/wp-json\/wp\/v2\/pages\/11605\/revisions"}],"predecessor-version":[{"id":11606,"href":"https:\/\/www.dostavacvijeca-mezak.com\/en\/wp-json\/wp\/v2\/pages\/11605\/revisions\/11606"}],"wp:attachment":[{"href":"https:\/\/www.dostavacvijeca-mezak.com\/en\/wp-json\/wp\/v2\/media?parent=11605"}],"curies":[{"name":"wp","href":"https:\/\/api.w.org\/{rel}","templated":true}]}}