{"id":11609,"date":"2019-09-28T08:02:13","date_gmt":"2019-09-28T06:02:13","guid":{"rendered":"https:\/\/www.dostavacvijeca-mezak.com\/contact-us\/"},"modified":"2021-07-01T10:53:10","modified_gmt":"2021-07-01T08:53:10","slug":"contact-us","status":"publish","type":"page","link":"https:\/\/www.dostavacvijeca-mezak.com\/en\/contact-us\/","title":{"rendered":"Contact us"},"content":{"rendered":"<p>[et_pb_section fb_built=&#8221;1&#8243; _builder_version=&#8221;3.22.3&#8243;][et_pb_row _builder_version=&#8221;3.25&#8243; background_size=&#8221;initial&#8221; background_position=&#8221;top_left&#8221; background_repeat=&#8221;repeat&#8221;][et_pb_column type=&#8221;4_4&#8243; _builder_version=&#8221;3.25&#8243; custom_padding=&#8221;|||&#8221; custom_padding__hover=&#8221;|||&#8221;][et_pb_post_title meta=&#8221;off&#8221; featured_image=&#8221;off&#8221; _builder_version=&#8221;3.22.6&#8243; z_index_tablet=&#8221;500&#8243;][\/et_pb_post_title][\/et_pb_column][\/et_pb_row][\/et_pb_section][et_pb_section fb_built=&#8221;1&#8243; custom_padding_last_edited=&#8221;on|desktop&#8221; _builder_version=&#8221;3.22.3&#8243; custom_padding=&#8221;0px||30px|&#8221; custom_padding_tablet=&#8221;50px||30px|&#8221; custom_padding_phone=&#8221;&#8221;][et_pb_row column_structure=&#8221;1_3,1_3,1_3&#8243; use_custom_gutter=&#8221;on&#8221; gutter_width=&#8221;1&#8243; make_equal=&#8221;on&#8221; custom_padding_last_edited=&#8221;on|phone&#8221; module_class=&#8221;contact-blurbs-row&#8221; _builder_version=&#8221;3.25&#8243; custom_padding=&#8221;0px|||&#8221; custom_padding_tablet=&#8221;30px|||&#8221; custom_padding_phone=&#8221;&#8221;][et_pb_column type=&#8221;1_3&#8243; _builder_version=&#8221;3.25&#8243; custom_padding=&#8221;|||&#8221; custom_padding__hover=&#8221;|||&#8221;][et_pb_blurb title=&#8221; Visit our flower shop&#8221; use_icon=&#8221;on&#8221; font_icon=&#8221;%%122%%&#8221; icon_placement=&#8221;left&#8221; admin_label=&#8221;Contact Blurb &#8211; Location&#8221; module_class=&#8221;contact-blurb&#8221; _builder_version=&#8221;4.0.7&#8243; z_index_tablet=&#8221;500&#8243;]<\/p>\n<p>FRITILLARIA d.o.o<br \/>Lova\u010dki put 11<br \/>10000 Zagreb<\/p>\n<p>P.J. Cvje\u0107arna Mezak<br \/>Lastovska 2a<br \/>T.C. Savica<\/p>\n<p>[\/et_pb_blurb][\/et_pb_column][et_pb_column type=&#8221;1_3&#8243; _builder_version=&#8221;3.25&#8243; custom_padding=&#8221;|||&#8221; custom_padding__hover=&#8221;|||&#8221;][et_pb_blurb title=&#8221;Contact&#8221; use_icon=&#8221;on&#8221; font_icon=&#8221;%%109%%&#8221; icon_placement=&#8221;left&#8221; admin_label=&#8221;Contact Blurb &#8211; Mail \/ Phone&#8221; module_class=&#8221;contact-blurb&#8221; _builder_version=&#8221;4.0.7&#8243; z_index_tablet=&#8221;500&#8243;]<\/p>\n<p>Phone. 01\/6119323<br \/> Mobile. 095\/5195519<br \/> eMail: admezak@gmail.com<br \/> IBANHR8524070001100381267<\/p>\n<p>[\/et_pb_blurb][\/et_pb_column][et_pb_column type=&#8221;1_3&#8243; _builder_version=&#8221;3.25&#8243; custom_padding=&#8221;|||&#8221; custom_padding__hover=&#8221;|||&#8221;][et_pb_blurb title=&#8221;Working hours&#8221; use_icon=&#8221;on&#8221; font_icon=&#8221;%%92%%&#8221; icon_placement=&#8221;left&#8221; admin_label=&#8221;Contact Blurb &#8211; Working Hours&#8221; module_class=&#8221;contact-blurb&#8221; _builder_version=&#8221;4.6.6&#8243; hover_enabled=&#8221;0&#8243; z_index_tablet=&#8221;500&#8243; sticky_enabled=&#8221;0&#8243;]<\/p>\n<p><strong>FLOVER SHOW MEZAK<\/strong> Mon. &#8211; Fri. : 7h \u2013 20h, Sub: 7h \u2013 14h<br \/><strong>ONLINE\u00a0\u00a0<\/strong>\u00a0 0h \u2013 24h<br \/><strong>SHIPPING HOURS<\/strong> Mon. &#8211; Fri.: 8h-16h, Sat. : 8-14, We do not work <i>on<\/i>\u00a0holidays<\/p>\n<p>[\/et_pb_blurb][\/et_pb_column][\/et_pb_row][et_pb_row _builder_version=&#8221;3.25&#8243;][et_pb_column type=&#8221;4_4&#8243; _builder_version=&#8221;3.25&#8243; custom_padding=&#8221;|||&#8221; custom_padding__hover=&#8221;|||&#8221;][et_pb_text _builder_version=&#8221;4.4.4&#8243; z_index_tablet=&#8221;500&#8243;]<\/p>\n<p>Director: Ana Mezak<\/p>\n<p>NOTICE ABOUT SUBMITTING CUSTOMER&#8217;S COMPLAINTS<\/p>\n<p>Accordingly to Art. 8 paragraph 2. Consumer Protection Act (Official Gazette., nr.79\/07., 125 \/ 07th,-cf., 79 \/ 09th and 89\/09-cf.) we inform consumers that the objection to the quality of our services can be delivered in writing form on our address, phone and mail. The answer to your complaint will be given in writing no later than 15 days after receipt of the complaint.<\/p>\n<p>[\/et_pb_text][\/et_pb_column][\/et_pb_row][\/et_pb_section][et_pb_section fb_built=&#8221;1&#8243; admin_label=&#8221;Section &#8211; Bottom Blurbs&#8221; module_class=&#8221;bottom-blurbs&#8221; _builder_version=&#8221;3.22&#8243; custom_margin=&#8221;10px||40px|&#8221; custom_padding=&#8221;0px||0px|&#8221; saved_tabs=&#8221;all&#8221;][et_pb_row column_structure=&#8221;1_3,1_3,1_3&#8243; use_custom_gutter=&#8221;on&#8221; make_equal=&#8221;on&#8221; _builder_version=&#8221;3.25&#8243; max_width=&#8221;1080px&#8221; custom_margin=&#8221;0px||0px|&#8221; custom_padding=&#8221;0px||0px|&#8221;][et_pb_column type=&#8221;1_3&#8243; _builder_version=&#8221;3.25&#8243; custom_padding=&#8221;|||&#8221; custom_padding__hover=&#8221;|||&#8221;][et_pb_blurb title=&#8221;FAST SHIPPING&#8221; use_icon=&#8221;on&#8221; font_icon=&#8221;%%114%%&#8221; icon_color=&#8221;#777777&#8243; icon_placement=&#8221;left&#8221; use_icon_font_size=&#8221;on&#8221; icon_font_size=&#8221;30px&#8221; admin_label=&#8221;Blurb &#8211; Free Shipping&#8221; _builder_version=&#8221;4.0.7&#8243; header_font=&#8221;|600||on|||||&#8221; header_text_color=&#8221;#111111&#8243; header_font_size=&#8221;16px&#8221; body_font=&#8221;|300|||||||&#8221; body_line_height=&#8221;1.5&#8243;]Delivery within 3 hours of receipt of the paid invoice[\/et_pb_blurb][\/et_pb_column][et_pb_column type=&#8221;1_3&#8243; _builder_version=&#8221;3.25&#8243; custom_padding=&#8221;|||&#8221; custom_padding__hover=&#8221;|||&#8221;][et_pb_blurb title=&#8221;SECURE PAYMENT&#8221; use_icon=&#8221;on&#8221; font_icon=&#8221;%%113%%&#8221; icon_color=&#8221;#777777&#8243; icon_placement=&#8221;left&#8221; use_icon_font_size=&#8221;on&#8221; icon_font_size=&#8221;30px&#8221; admin_label=&#8221;Blurb &#8211; Secure Payment&#8221; _builder_version=&#8221;4.0.7&#8243; header_font=&#8221;|600||on|||||&#8221; header_text_color=&#8221;#111111&#8243; header_font_size=&#8221;16&#8243; body_font=&#8221;|300|||||||&#8221; body_line_height=&#8221;1.5&#8243;]We offer safe shopping guarantee[\/et_pb_blurb][\/et_pb_column][et_pb_column type=&#8221;1_3&#8243; _builder_version=&#8221;3.25&#8243; custom_padding=&#8221;|||&#8221; custom_padding__hover=&#8221;|||&#8221;][et_pb_blurb title=&#8221;100% SATISFACTION&#8221; use_icon=&#8221;on&#8221; font_icon=&#8221;%%156%%&#8221; icon_color=&#8221;#777777&#8243; icon_placement=&#8221;left&#8221; use_icon_font_size=&#8221;on&#8221; icon_font_size=&#8221;30px&#8221; admin_label=&#8221;Blurb &#8211; Money Guarantee&#8221; _builder_version=&#8221;4.0.7&#8243; header_font=&#8221;|600||on|||||&#8221; header_text_color=&#8221;#111111&#8243; header_font_size=&#8221;16&#8243; body_font=&#8221;|300|||||||&#8221; body_line_height=&#8221;1.5&#8243;]Customer satisfaction is our priority![\/et_pb_blurb][\/et_pb_column][\/et_pb_row][\/et_pb_section]<\/p>\n","protected":false},"excerpt":{"rendered":"<p>FRITILLARIA d.o.oLova\u010dki put 1110000 Zagreb P.J. Cvje\u0107arna MezakLastovska 2aT.C. Savica Phone. 01\/6119323 Mobile. 095\/5195519 eMail: admezak@gmail.com IBANHR8524070001100381267FLOVER SHOW MEZAK Mon. &#8211; Fri. : 7h \u2013 20h, Sub: 7h \u2013 14hONLINE\u00a0\u00a0\u00a0 0h \u2013 24hSHIPPING HOURS Mon. &#8211; Fri.: 8h-16h, Sat. : 8-14, We do not work on\u00a0holidays Director: Ana Mezak NOTICE ABOUT SUBMITTING CUSTOMER&#8217;S COMPLAINTS Accordingly [&hellip;]<\/p>\n","protected":false},"author":1,"featured_media":0,"parent":0,"menu_order":0,"comment_status":"closed","ping_status":"closed","template":"","meta":{"_et_pb_use_builder":"on","_et_pb_old_content":"","_et_gb_content_width":"","footnotes":""},"class_list":["post-11609","page","type-page","status-publish","hentry"],"yoast_head":"<!-- This site is optimized with the Yoast SEO plugin v27.4 - https:\/\/yoast.com\/product\/yoast-seo-wordpress\/ -->\n<title>Contact us - Dostava cvije\u0107a Mezak<\/title>\n<meta name=\"robots\" content=\"index, follow, max-snippet:-1, max-image-preview:large, max-video-preview:-1\" \/>\n<link rel=\"canonical\" href=\"https:\/\/www.dostavacvijeca-mezak.com\/en\/contact-us\/\" \/>\n<meta property=\"og:locale\" content=\"en_US\" \/>\n<meta property=\"og:type\" content=\"article\" \/>\n<meta property=\"og:title\" content=\"Contact us - Dostava cvije\u0107a Mezak\" \/>\n<meta property=\"og:description\" content=\"FRITILLARIA d.o.oLova\u010dki put 1110000 Zagreb P.J. Cvje\u0107arna MezakLastovska 2aT.C. Savica Phone. 01\/6119323 Mobile. 095\/5195519 eMail: admezak@gmail.com IBANHR8524070001100381267FLOVER SHOW MEZAK Mon. - Fri. : 7h \u2013 20h, Sub: 7h \u2013 14hONLINE\u00a0\u00a0\u00a0 0h \u2013 24hSHIPPING HOURS Mon. - Fri.: 8h-16h, Sat. : 8-14, We do not work on\u00a0holidays Director: Ana Mezak NOTICE ABOUT SUBMITTING CUSTOMER&#039;S COMPLAINTS Accordingly [&hellip;]\" \/>\n<meta property=\"og:url\" content=\"https:\/\/www.dostavacvijeca-mezak.com\/en\/contact-us\/\" \/>\n<meta property=\"og:site_name\" content=\"Dostava cvije\u0107a Mezak\" \/>\n<meta property=\"article:modified_time\" content=\"2021-07-01T08:53:10+00:00\" \/>\n<meta name=\"twitter:card\" content=\"summary_large_image\" \/>\n<meta name=\"twitter:label1\" content=\"Est. reading time\" \/>\n\t<meta name=\"twitter:data1\" content=\"3 minutes\" \/>\n<script type=\"application\/ld+json\" class=\"yoast-schema-graph\">{\"@context\":\"https:\\\/\\\/schema.org\",\"@graph\":[{\"@type\":\"WebPage\",\"@id\":\"https:\\\/\\\/www.dostavacvijeca-mezak.com\\\/en\\\/contact-us\\\/\",\"url\":\"https:\\\/\\\/www.dostavacvijeca-mezak.com\\\/en\\\/contact-us\\\/\",\"name\":\"Contact us - Dostava cvije\u0107a Mezak\",\"isPartOf\":{\"@id\":\"https:\\\/\\\/www.dostavacvijeca-mezak.com\\\/#website\"},\"datePublished\":\"2019-09-28T06:02:13+00:00\",\"dateModified\":\"2021-07-01T08:53:10+00:00\",\"breadcrumb\":{\"@id\":\"https:\\\/\\\/www.dostavacvijeca-mezak.com\\\/en\\\/contact-us\\\/#breadcrumb\"},\"inLanguage\":\"en-US\",\"potentialAction\":[{\"@type\":\"ReadAction\",\"target\":[\"https:\\\/\\\/www.dostavacvijeca-mezak.com\\\/en\\\/contact-us\\\/\"]}]},{\"@type\":\"BreadcrumbList\",\"@id\":\"https:\\\/\\\/www.dostavacvijeca-mezak.com\\\/en\\\/contact-us\\\/#breadcrumb\",\"itemListElement\":[{\"@type\":\"ListItem\",\"position\":1,\"name\":\"Home\",\"item\":\"https:\\\/\\\/www.dostavacvijeca-mezak.com\\\/\"},{\"@type\":\"ListItem\",\"position\":2,\"name\":\"Contact us\"}]},{\"@type\":\"WebSite\",\"@id\":\"https:\\\/\\\/www.dostavacvijeca-mezak.com\\\/#website\",\"url\":\"https:\\\/\\\/www.dostavacvijeca-mezak.com\\\/\",\"name\":\"Dostava cvije\u0107a Mezak\",\"description\":\"Samo jo\u0161 jedna WordPress web-stranica\",\"publisher\":{\"@id\":\"https:\\\/\\\/www.dostavacvijeca-mezak.com\\\/#organization\"},\"potentialAction\":[{\"@type\":\"SearchAction\",\"target\":{\"@type\":\"EntryPoint\",\"urlTemplate\":\"https:\\\/\\\/www.dostavacvijeca-mezak.com\\\/?s={search_term_string}\"},\"query-input\":{\"@type\":\"PropertyValueSpecification\",\"valueRequired\":true,\"valueName\":\"search_term_string\"}}],\"inLanguage\":\"en-US\"},{\"@type\":\"Organization\",\"@id\":\"https:\\\/\\\/www.dostavacvijeca-mezak.com\\\/#organization\",\"name\":\"DOSTAVA CVIJE\u0106A MEZAK\",\"url\":\"https:\\\/\\\/www.dostavacvijeca-mezak.com\\\/\",\"logo\":{\"@type\":\"ImageObject\",\"inLanguage\":\"en-US\",\"@id\":\"https:\\\/\\\/www.dostavacvijeca-mezak.com\\\/#\\\/schema\\\/logo\\\/image\\\/\",\"url\":\"https:\\\/\\\/www.dostavacvijeca-mezak.com\\\/wp-content\\\/uploads\\\/2019\\\/04\\\/dostava-cvijeca-mezak-logo.jpg\",\"contentUrl\":\"https:\\\/\\\/www.dostavacvijeca-mezak.com\\\/wp-content\\\/uploads\\\/2019\\\/04\\\/dostava-cvijeca-mezak-logo.jpg\",\"width\":244,\"height\":92,\"caption\":\"DOSTAVA CVIJE\u0106A MEZAK\"},\"image\":{\"@id\":\"https:\\\/\\\/www.dostavacvijeca-mezak.com\\\/#\\\/schema\\\/logo\\\/image\\\/\"}}]}<\/script>\n<!-- \/ Yoast SEO plugin. -->","yoast_head_json":{"title":"Contact us - Dostava cvije\u0107a Mezak","robots":{"index":"index","follow":"follow","max-snippet":"max-snippet:-1","max-image-preview":"max-image-preview:large","max-video-preview":"max-video-preview:-1"},"canonical":"https:\/\/www.dostavacvijeca-mezak.com\/en\/contact-us\/","og_locale":"en_US","og_type":"article","og_title":"Contact us - Dostava cvije\u0107a Mezak","og_description":"FRITILLARIA d.o.oLova\u010dki put 1110000 Zagreb P.J. Cvje\u0107arna MezakLastovska 2aT.C. Savica Phone. 01\/6119323 Mobile. 095\/5195519 eMail: admezak@gmail.com IBANHR8524070001100381267FLOVER SHOW MEZAK Mon. - Fri. : 7h \u2013 20h, Sub: 7h \u2013 14hONLINE\u00a0\u00a0\u00a0 0h \u2013 24hSHIPPING HOURS Mon. - Fri.: 8h-16h, Sat. : 8-14, We do not work on\u00a0holidays Director: Ana Mezak NOTICE ABOUT SUBMITTING CUSTOMER'S COMPLAINTS Accordingly [&hellip;]","og_url":"https:\/\/www.dostavacvijeca-mezak.com\/en\/contact-us\/","og_site_name":"Dostava cvije\u0107a Mezak","article_modified_time":"2021-07-01T08:53:10+00:00","twitter_card":"summary_large_image","twitter_misc":{"Est. reading time":"3 minutes"},"schema":{"@context":"https:\/\/schema.org","@graph":[{"@type":"WebPage","@id":"https:\/\/www.dostavacvijeca-mezak.com\/en\/contact-us\/","url":"https:\/\/www.dostavacvijeca-mezak.com\/en\/contact-us\/","name":"Contact us - Dostava cvije\u0107a Mezak","isPartOf":{"@id":"https:\/\/www.dostavacvijeca-mezak.com\/#website"},"datePublished":"2019-09-28T06:02:13+00:00","dateModified":"2021-07-01T08:53:10+00:00","breadcrumb":{"@id":"https:\/\/www.dostavacvijeca-mezak.com\/en\/contact-us\/#breadcrumb"},"inLanguage":"en-US","potentialAction":[{"@type":"ReadAction","target":["https:\/\/www.dostavacvijeca-mezak.com\/en\/contact-us\/"]}]},{"@type":"BreadcrumbList","@id":"https:\/\/www.dostavacvijeca-mezak.com\/en\/contact-us\/#breadcrumb","itemListElement":[{"@type":"ListItem","position":1,"name":"Home","item":"https:\/\/www.dostavacvijeca-mezak.com\/"},{"@type":"ListItem","position":2,"name":"Contact us"}]},{"@type":"WebSite","@id":"https:\/\/www.dostavacvijeca-mezak.com\/#website","url":"https:\/\/www.dostavacvijeca-mezak.com\/","name":"Dostava cvije\u0107a Mezak","description":"Samo jo\u0161 jedna WordPress web-stranica","publisher":{"@id":"https:\/\/www.dostavacvijeca-mezak.com\/#organization"},"potentialAction":[{"@type":"SearchAction","target":{"@type":"EntryPoint","urlTemplate":"https:\/\/www.dostavacvijeca-mezak.com\/?s={search_term_string}"},"query-input":{"@type":"PropertyValueSpecification","valueRequired":true,"valueName":"search_term_string"}}],"inLanguage":"en-US"},{"@type":"Organization","@id":"https:\/\/www.dostavacvijeca-mezak.com\/#organization","name":"DOSTAVA CVIJE\u0106A MEZAK","url":"https:\/\/www.dostavacvijeca-mezak.com\/","logo":{"@type":"ImageObject","inLanguage":"en-US","@id":"https:\/\/www.dostavacvijeca-mezak.com\/#\/schema\/logo\/image\/","url":"https:\/\/www.dostavacvijeca-mezak.com\/wp-content\/uploads\/2019\/04\/dostava-cvijeca-mezak-logo.jpg","contentUrl":"https:\/\/www.dostavacvijeca-mezak.com\/wp-content\/uploads\/2019\/04\/dostava-cvijeca-mezak-logo.jpg","width":244,"height":92,"caption":"DOSTAVA CVIJE\u0106A MEZAK"},"image":{"@id":"https:\/\/www.dostavacvijeca-mezak.com\/#\/schema\/logo\/image\/"}}]}},"_links":{"self":[{"href":"https:\/\/www.dostavacvijeca-mezak.com\/en\/wp-json\/wp\/v2\/pages\/11609","targetHints":{"allow":["GET"]}}],"collection":[{"href":"https:\/\/www.dostavacvijeca-mezak.com\/en\/wp-json\/wp\/v2\/pages"}],"about":[{"href":"https:\/\/www.dostavacvijeca-mezak.com\/en\/wp-json\/wp\/v2\/types\/page"}],"author":[{"embeddable":true,"href":"https:\/\/www.dostavacvijeca-mezak.com\/en\/wp-json\/wp\/v2\/users\/1"}],"replies":[{"embeddable":true,"href":"https:\/\/www.dostavacvijeca-mezak.com\/en\/wp-json\/wp\/v2\/comments?post=11609"}],"version-history":[{"count":9,"href":"https:\/\/www.dostavacvijeca-mezak.com\/en\/wp-json\/wp\/v2\/pages\/11609\/revisions"}],"predecessor-version":[{"id":18358,"href":"https:\/\/www.dostavacvijeca-mezak.com\/en\/wp-json\/wp\/v2\/pages\/11609\/revisions\/18358"}],"wp:attachment":[{"href":"https:\/\/www.dostavacvijeca-mezak.com\/en\/wp-json\/wp\/v2\/media?parent=11609"}],"curies":[{"name":"wp","href":"https:\/\/api.w.org\/{rel}","templated":true}]}}