{"id":2951,"date":"2019-01-07T19:52:29","date_gmt":"2019-01-07T18:52:29","guid":{"rendered":"https:\/\/demoshop.go.hr\/?page_id=2951"},"modified":"2019-01-07T20:10:55","modified_gmt":"2019-01-07T19:10:55","slug":"nacini-placanja","status":"publish","type":"page","link":"https:\/\/www.dostavacvijeca-mezak.com\/en\/nacini-placanja\/","title":{"rendered":"Na\u010dini pla\u0107anja"},"content":{"rendered":"<p>[et_pb_section fb_built=&#8221;1&#8243; _builder_version=&#8221;3.19.3&#8243; custom_padding=&#8221;0px|||&#8221;][et_pb_row custom_padding=&#8221;||10px|&#8221; _builder_version=&#8221;3.0.89&#8243;][et_pb_column type=&#8221;4_4&#8243; _builder_version=&#8221;3.0.47&#8243; parallax=&#8221;off&#8221; parallax_method=&#8221;on&#8221;][et_pb_text admin_label=&#8221;Default Header&#8221; module_class=&#8221;default-header&#8221; _builder_version=&#8221;3.0.89&#8243; module_alignment=&#8221;right&#8221;]<\/p>\n<h1>Na\u010dini pla\u0107anja<\/h1>\n<p>Lorem ipsum dolor sit amet<\/p>\n<p>[\/et_pb_text][\/et_pb_column][\/et_pb_row][et_pb_row use_custom_gutter=&#8221;on&#8221; gutter_width=&#8221;3&#8243; _builder_version=&#8221;3.0.89&#8243;][et_pb_column type=&#8221;4_4&#8243; _builder_version=&#8221;3.0.47&#8243; parallax=&#8221;off&#8221; parallax_method=&#8221;on&#8221;][et_pb_text _builder_version=&#8221;3.0.89&#8243;]Lorem ipsum dolor sit amet, consectetur adipiscing elit. Morbi gravida sollicitudin egestas. Ut lobortis eros vitae mauris cursus, vel faucibus turpis volutpat. Duis aliquam eu nibh non molestie. <strong>Sed pretium sit amet tellus eu pellentesque. In sed dictum quam<\/strong><\/p>\n<p>Sed sed arcu at mi fringilla pellentesque at quis metus. Maecenas lacinia efficitur libero, sed congue risus eleifend quis. Cras lectus elit, fringilla eget erat vel, euismod gravida lacus. Nunc neque ex, ultricies non aliquet in, pretium rhoncus tellus.\u00a0 Duis aliquam eu nibh non molestie sit amet\u2026<\/p>\n<p>Curabitur at odio consequat, varius est nec, gravida elit. Donec et blandit ligula. Mauris eleifend, lacus ac gravida ullamcorper, nulla libero fermentum turpis, id pulvinar leo elit id orci. Vestibulum massa lacus, cursus eu faucibus lacinia, euismod vel metus. Ut et eleifend ex, ac laoreet odio.\u00a0Morbi gravida sollicitudin egestas. Ut lobortis eros vitae mauris cursus, vel faucibus turpis volutpat.[\/et_pb_text][\/et_pb_column][\/et_pb_row][\/et_pb_section]<\/p>\n","protected":false},"excerpt":{"rendered":"<p>Na\u010dini pla\u0107anja Lorem ipsum dolor sit ametLorem ipsum dolor sit amet, consectetur adipiscing elit. Morbi gravida sollicitudin egestas. Ut lobortis eros vitae mauris cursus, vel faucibus turpis volutpat. Duis aliquam eu nibh non molestie. Sed pretium sit amet tellus eu pellentesque. In sed dictum quam Sed sed arcu at mi fringilla pellentesque at quis metus. [&hellip;]<\/p>\n","protected":false},"author":1,"featured_media":0,"parent":0,"menu_order":0,"comment_status":"closed","ping_status":"closed","template":"","meta":{"_et_pb_use_builder":"on","_et_pb_old_content":"","_et_gb_content_width":"","footnotes":""},"class_list":["post-2951","page","type-page","status-publish","hentry"],"yoast_head":"<!-- This site is optimized with the Yoast SEO plugin v27.4 - https:\/\/yoast.com\/product\/yoast-seo-wordpress\/ -->\n<title>Na\u010dini pla\u0107anja - Dostava cvije\u0107a Mezak<\/title>\n<meta name=\"robots\" content=\"index, follow, max-snippet:-1, max-image-preview:large, max-video-preview:-1\" \/>\n<link rel=\"canonical\" href=\"https:\/\/www.dostavacvijeca-mezak.com\/nacini-placanja\/\" \/>\n<meta property=\"og:locale\" content=\"en_US\" \/>\n<meta property=\"og:type\" content=\"article\" \/>\n<meta property=\"og:title\" content=\"Na\u010dini pla\u0107anja - Dostava cvije\u0107a Mezak\" \/>\n<meta property=\"og:description\" content=\"Na\u010dini pla\u0107anja Lorem ipsum dolor sit ametLorem ipsum dolor sit amet, consectetur adipiscing elit. Morbi gravida sollicitudin egestas. Ut lobortis eros vitae mauris cursus, vel faucibus turpis volutpat. Duis aliquam eu nibh non molestie. Sed pretium sit amet tellus eu pellentesque. In sed dictum quam Sed sed arcu at mi fringilla pellentesque at quis metus. [&hellip;]\" \/>\n<meta property=\"og:url\" content=\"https:\/\/www.dostavacvijeca-mezak.com\/nacini-placanja\/\" \/>\n<meta property=\"og:site_name\" content=\"Dostava cvije\u0107a Mezak\" \/>\n<meta property=\"article:modified_time\" content=\"2019-01-07T19:10:55+00:00\" \/>\n<meta name=\"twitter:card\" content=\"summary_large_image\" \/>\n<meta name=\"twitter:label1\" content=\"Est. reading time\" \/>\n\t<meta name=\"twitter:data1\" content=\"1 minute\" \/>\n<script type=\"application\/ld+json\" class=\"yoast-schema-graph\">{\"@context\":\"https:\\\/\\\/schema.org\",\"@graph\":[{\"@type\":\"WebPage\",\"@id\":\"https:\\\/\\\/www.dostavacvijeca-mezak.com\\\/nacini-placanja\\\/\",\"url\":\"https:\\\/\\\/www.dostavacvijeca-mezak.com\\\/nacini-placanja\\\/\",\"name\":\"Na\u010dini pla\u0107anja - Dostava cvije\u0107a Mezak\",\"isPartOf\":{\"@id\":\"https:\\\/\\\/www.dostavacvijeca-mezak.com\\\/#website\"},\"datePublished\":\"2019-01-07T18:52:29+00:00\",\"dateModified\":\"2019-01-07T19:10:55+00:00\",\"breadcrumb\":{\"@id\":\"https:\\\/\\\/www.dostavacvijeca-mezak.com\\\/nacini-placanja\\\/#breadcrumb\"},\"inLanguage\":\"en-US\",\"potentialAction\":[{\"@type\":\"ReadAction\",\"target\":[\"https:\\\/\\\/www.dostavacvijeca-mezak.com\\\/nacini-placanja\\\/\"]}]},{\"@type\":\"BreadcrumbList\",\"@id\":\"https:\\\/\\\/www.dostavacvijeca-mezak.com\\\/nacini-placanja\\\/#breadcrumb\",\"itemListElement\":[{\"@type\":\"ListItem\",\"position\":1,\"name\":\"Home\",\"item\":\"https:\\\/\\\/www.dostavacvijeca-mezak.com\\\/\"},{\"@type\":\"ListItem\",\"position\":2,\"name\":\"Na\u010dini pla\u0107anja\"}]},{\"@type\":\"WebSite\",\"@id\":\"https:\\\/\\\/www.dostavacvijeca-mezak.com\\\/#website\",\"url\":\"https:\\\/\\\/www.dostavacvijeca-mezak.com\\\/\",\"name\":\"Dostava cvije\u0107a Mezak\",\"description\":\"Samo jo\u0161 jedna WordPress web-stranica\",\"publisher\":{\"@id\":\"https:\\\/\\\/www.dostavacvijeca-mezak.com\\\/#organization\"},\"potentialAction\":[{\"@type\":\"SearchAction\",\"target\":{\"@type\":\"EntryPoint\",\"urlTemplate\":\"https:\\\/\\\/www.dostavacvijeca-mezak.com\\\/?s={search_term_string}\"},\"query-input\":{\"@type\":\"PropertyValueSpecification\",\"valueRequired\":true,\"valueName\":\"search_term_string\"}}],\"inLanguage\":\"en-US\"},{\"@type\":\"Organization\",\"@id\":\"https:\\\/\\\/www.dostavacvijeca-mezak.com\\\/#organization\",\"name\":\"DOSTAVA CVIJE\u0106A MEZAK\",\"url\":\"https:\\\/\\\/www.dostavacvijeca-mezak.com\\\/\",\"logo\":{\"@type\":\"ImageObject\",\"inLanguage\":\"en-US\",\"@id\":\"https:\\\/\\\/www.dostavacvijeca-mezak.com\\\/#\\\/schema\\\/logo\\\/image\\\/\",\"url\":\"https:\\\/\\\/www.dostavacvijeca-mezak.com\\\/wp-content\\\/uploads\\\/2019\\\/04\\\/dostava-cvijeca-mezak-logo.jpg\",\"contentUrl\":\"https:\\\/\\\/www.dostavacvijeca-mezak.com\\\/wp-content\\\/uploads\\\/2019\\\/04\\\/dostava-cvijeca-mezak-logo.jpg\",\"width\":244,\"height\":92,\"caption\":\"DOSTAVA CVIJE\u0106A MEZAK\"},\"image\":{\"@id\":\"https:\\\/\\\/www.dostavacvijeca-mezak.com\\\/#\\\/schema\\\/logo\\\/image\\\/\"}}]}<\/script>\n<!-- \/ Yoast SEO plugin. -->","yoast_head_json":{"title":"Na\u010dini pla\u0107anja - Dostava cvije\u0107a Mezak","robots":{"index":"index","follow":"follow","max-snippet":"max-snippet:-1","max-image-preview":"max-image-preview:large","max-video-preview":"max-video-preview:-1"},"canonical":"https:\/\/www.dostavacvijeca-mezak.com\/nacini-placanja\/","og_locale":"en_US","og_type":"article","og_title":"Na\u010dini pla\u0107anja - Dostava cvije\u0107a Mezak","og_description":"Na\u010dini pla\u0107anja Lorem ipsum dolor sit ametLorem ipsum dolor sit amet, consectetur adipiscing elit. Morbi gravida sollicitudin egestas. Ut lobortis eros vitae mauris cursus, vel faucibus turpis volutpat. Duis aliquam eu nibh non molestie. Sed pretium sit amet tellus eu pellentesque. In sed dictum quam Sed sed arcu at mi fringilla pellentesque at quis metus. [&hellip;]","og_url":"https:\/\/www.dostavacvijeca-mezak.com\/nacini-placanja\/","og_site_name":"Dostava cvije\u0107a Mezak","article_modified_time":"2019-01-07T19:10:55+00:00","twitter_card":"summary_large_image","twitter_misc":{"Est. reading time":"1 minute"},"schema":{"@context":"https:\/\/schema.org","@graph":[{"@type":"WebPage","@id":"https:\/\/www.dostavacvijeca-mezak.com\/nacini-placanja\/","url":"https:\/\/www.dostavacvijeca-mezak.com\/nacini-placanja\/","name":"Na\u010dini pla\u0107anja - Dostava cvije\u0107a Mezak","isPartOf":{"@id":"https:\/\/www.dostavacvijeca-mezak.com\/#website"},"datePublished":"2019-01-07T18:52:29+00:00","dateModified":"2019-01-07T19:10:55+00:00","breadcrumb":{"@id":"https:\/\/www.dostavacvijeca-mezak.com\/nacini-placanja\/#breadcrumb"},"inLanguage":"en-US","potentialAction":[{"@type":"ReadAction","target":["https:\/\/www.dostavacvijeca-mezak.com\/nacini-placanja\/"]}]},{"@type":"BreadcrumbList","@id":"https:\/\/www.dostavacvijeca-mezak.com\/nacini-placanja\/#breadcrumb","itemListElement":[{"@type":"ListItem","position":1,"name":"Home","item":"https:\/\/www.dostavacvijeca-mezak.com\/"},{"@type":"ListItem","position":2,"name":"Na\u010dini pla\u0107anja"}]},{"@type":"WebSite","@id":"https:\/\/www.dostavacvijeca-mezak.com\/#website","url":"https:\/\/www.dostavacvijeca-mezak.com\/","name":"Dostava cvije\u0107a Mezak","description":"Samo jo\u0161 jedna WordPress web-stranica","publisher":{"@id":"https:\/\/www.dostavacvijeca-mezak.com\/#organization"},"potentialAction":[{"@type":"SearchAction","target":{"@type":"EntryPoint","urlTemplate":"https:\/\/www.dostavacvijeca-mezak.com\/?s={search_term_string}"},"query-input":{"@type":"PropertyValueSpecification","valueRequired":true,"valueName":"search_term_string"}}],"inLanguage":"en-US"},{"@type":"Organization","@id":"https:\/\/www.dostavacvijeca-mezak.com\/#organization","name":"DOSTAVA CVIJE\u0106A MEZAK","url":"https:\/\/www.dostavacvijeca-mezak.com\/","logo":{"@type":"ImageObject","inLanguage":"en-US","@id":"https:\/\/www.dostavacvijeca-mezak.com\/#\/schema\/logo\/image\/","url":"https:\/\/www.dostavacvijeca-mezak.com\/wp-content\/uploads\/2019\/04\/dostava-cvijeca-mezak-logo.jpg","contentUrl":"https:\/\/www.dostavacvijeca-mezak.com\/wp-content\/uploads\/2019\/04\/dostava-cvijeca-mezak-logo.jpg","width":244,"height":92,"caption":"DOSTAVA CVIJE\u0106A MEZAK"},"image":{"@id":"https:\/\/www.dostavacvijeca-mezak.com\/#\/schema\/logo\/image\/"}}]}},"_links":{"self":[{"href":"https:\/\/www.dostavacvijeca-mezak.com\/en\/wp-json\/wp\/v2\/pages\/2951","targetHints":{"allow":["GET"]}}],"collection":[{"href":"https:\/\/www.dostavacvijeca-mezak.com\/en\/wp-json\/wp\/v2\/pages"}],"about":[{"href":"https:\/\/www.dostavacvijeca-mezak.com\/en\/wp-json\/wp\/v2\/types\/page"}],"author":[{"embeddable":true,"href":"https:\/\/www.dostavacvijeca-mezak.com\/en\/wp-json\/wp\/v2\/users\/1"}],"replies":[{"embeddable":true,"href":"https:\/\/www.dostavacvijeca-mezak.com\/en\/wp-json\/wp\/v2\/comments?post=2951"}],"version-history":[{"count":3,"href":"https:\/\/www.dostavacvijeca-mezak.com\/en\/wp-json\/wp\/v2\/pages\/2951\/revisions"}],"predecessor-version":[{"id":2966,"href":"https:\/\/www.dostavacvijeca-mezak.com\/en\/wp-json\/wp\/v2\/pages\/2951\/revisions\/2966"}],"wp:attachment":[{"href":"https:\/\/www.dostavacvijeca-mezak.com\/en\/wp-json\/wp\/v2\/media?parent=2951"}],"curies":[{"name":"wp","href":"https:\/\/api.w.org\/{rel}","templated":true}]}}