{"id":12402,"date":"2017-01-26T08:08:47","date_gmt":"2017-01-26T07:08:47","guid":{"rendered":"https:\/\/www.dostavacvijeca-mezak.com\/product\/svijece-paket-srce-2e\/"},"modified":"2025-03-21T08:46:04","modified_gmt":"2025-03-21T07:46:04","slug":"svijece-paket-srce-2e","status":"publish","type":"product","link":"https:\/\/www.dostavacvijeca-mezak.com\/en\/trgovina\/vijenci-i-grobni-aranzman-en\/svijece-i-vjecna-svjetla-en\/svijece-paket-srce-2e\/","title":{"rendered":"SVIJE\u0106E-PAKET KOCKA 2E"},"content":{"rendered":"","protected":false},"excerpt":{"rendered":"<p>PAKET KOCKA- 6 svije\u0107a<\/p>\n<p>Dostupno u crvenoj, bijeloj i ljubi\u010dastoj boji.<\/p>\n","protected":false},"featured_media":34335,"template":"","meta":{"_et_pb_use_builder":"","_et_pb_old_content":"","_et_gb_content_width":""},"product_brand":[],"product_cat":[284],"product_tag":[],"class_list":{"0":"post-12402","1":"product","2":"type-product","3":"status-publish","4":"has-post-thumbnail","6":"product_cat-svijece-i-vjecna-svjetla-en","8":"first","9":"instock","10":"taxable","11":"shipping-taxable","12":"purchasable","13":"product-type-simple"},"yoast_head":"<!-- This site is optimized with the Yoast SEO plugin v27.3 - https:\/\/yoast.com\/product\/yoast-seo-wordpress\/ -->\n<title>SVIJE\u0106E-PAKET KOCKA 2E - Dostava cvije\u0107a Mezak<\/title>\n<meta name=\"robots\" content=\"index, follow, max-snippet:-1, max-image-preview:large, max-video-preview:-1\" \/>\n<link rel=\"canonical\" href=\"https:\/\/www.dostavacvijeca-mezak.com\/trgovina\/vijenci-i-grobni-aranzmani\/svijece-za-iskrenu-sucut-i-posljednji-ispracaj\/svijece-paket-srce-2e\/\" \/>\n<meta property=\"og:locale\" content=\"en_US\" \/>\n<meta property=\"og:type\" content=\"article\" \/>\n<meta property=\"og:title\" content=\"SVIJE\u0106E-PAKET KOCKA 2E - Dostava cvije\u0107a Mezak\" \/>\n<meta property=\"og:description\" content=\"PAKET KOCKA- 6 svije\u0107a  Dostupno u crvenoj, bijeloj i ljubi\u010dastoj boji.\" \/>\n<meta property=\"og:url\" content=\"https:\/\/www.dostavacvijeca-mezak.com\/trgovina\/vijenci-i-grobni-aranzmani\/svijece-za-iskrenu-sucut-i-posljednji-ispracaj\/svijece-paket-srce-2e\/\" \/>\n<meta property=\"og:site_name\" content=\"Dostava cvije\u0107a Mezak\" \/>\n<meta property=\"article:modified_time\" content=\"2025-03-21T07:46:04+00:00\" \/>\n<meta property=\"og:image\" content=\"https:\/\/www.dostavacvijeca-mezak.com\/wp-content\/uploads\/2017\/01\/IMG_20250226_172723.jpg\" \/>\n\t<meta property=\"og:image:width\" content=\"2295\" \/>\n\t<meta property=\"og:image:height\" content=\"2200\" \/>\n\t<meta property=\"og:image:type\" content=\"image\/jpeg\" \/>\n<meta name=\"twitter:card\" content=\"summary_large_image\" \/>\n<script type=\"application\/ld+json\" class=\"yoast-schema-graph\">{\"@context\":\"https:\\\/\\\/schema.org\",\"@graph\":[{\"@type\":\"WebPage\",\"@id\":\"https:\\\/\\\/www.dostavacvijeca-mezak.com\\\/trgovina\\\/vijenci-i-grobni-aranzmani\\\/svijece-za-iskrenu-sucut-i-posljednji-ispracaj\\\/svijece-paket-srce-2e\\\/\",\"url\":\"https:\\\/\\\/www.dostavacvijeca-mezak.com\\\/trgovina\\\/vijenci-i-grobni-aranzmani\\\/svijece-za-iskrenu-sucut-i-posljednji-ispracaj\\\/svijece-paket-srce-2e\\\/\",\"name\":\"SVIJE\u0106E-PAKET KOCKA 2E - Dostava cvije\u0107a Mezak\",\"isPartOf\":{\"@id\":\"https:\\\/\\\/www.dostavacvijeca-mezak.com\\\/#website\"},\"primaryImageOfPage\":{\"@id\":\"https:\\\/\\\/www.dostavacvijeca-mezak.com\\\/trgovina\\\/vijenci-i-grobni-aranzmani\\\/svijece-za-iskrenu-sucut-i-posljednji-ispracaj\\\/svijece-paket-srce-2e\\\/#primaryimage\"},\"image\":{\"@id\":\"https:\\\/\\\/www.dostavacvijeca-mezak.com\\\/trgovina\\\/vijenci-i-grobni-aranzmani\\\/svijece-za-iskrenu-sucut-i-posljednji-ispracaj\\\/svijece-paket-srce-2e\\\/#primaryimage\"},\"thumbnailUrl\":\"https:\\\/\\\/www.dostavacvijeca-mezak.com\\\/wp-content\\\/uploads\\\/2017\\\/01\\\/IMG_20250226_172723.jpg\",\"datePublished\":\"2017-01-26T07:08:47+00:00\",\"dateModified\":\"2025-03-21T07:46:04+00:00\",\"breadcrumb\":{\"@id\":\"https:\\\/\\\/www.dostavacvijeca-mezak.com\\\/trgovina\\\/vijenci-i-grobni-aranzmani\\\/svijece-za-iskrenu-sucut-i-posljednji-ispracaj\\\/svijece-paket-srce-2e\\\/#breadcrumb\"},\"inLanguage\":\"en-US\",\"potentialAction\":[{\"@type\":\"ReadAction\",\"target\":[\"https:\\\/\\\/www.dostavacvijeca-mezak.com\\\/trgovina\\\/vijenci-i-grobni-aranzmani\\\/svijece-za-iskrenu-sucut-i-posljednji-ispracaj\\\/svijece-paket-srce-2e\\\/\"]}]},{\"@type\":\"ImageObject\",\"inLanguage\":\"en-US\",\"@id\":\"https:\\\/\\\/www.dostavacvijeca-mezak.com\\\/trgovina\\\/vijenci-i-grobni-aranzmani\\\/svijece-za-iskrenu-sucut-i-posljednji-ispracaj\\\/svijece-paket-srce-2e\\\/#primaryimage\",\"url\":\"https:\\\/\\\/www.dostavacvijeca-mezak.com\\\/wp-content\\\/uploads\\\/2017\\\/01\\\/IMG_20250226_172723.jpg\",\"contentUrl\":\"https:\\\/\\\/www.dostavacvijeca-mezak.com\\\/wp-content\\\/uploads\\\/2017\\\/01\\\/IMG_20250226_172723.jpg\",\"width\":2295,\"height\":2200},{\"@type\":\"BreadcrumbList\",\"@id\":\"https:\\\/\\\/www.dostavacvijeca-mezak.com\\\/trgovina\\\/vijenci-i-grobni-aranzmani\\\/svijece-za-iskrenu-sucut-i-posljednji-ispracaj\\\/svijece-paket-srce-2e\\\/#breadcrumb\",\"itemListElement\":[{\"@type\":\"ListItem\",\"position\":1,\"name\":\"Home\",\"item\":\"https:\\\/\\\/www.dostavacvijeca-mezak.com\\\/\"},{\"@type\":\"ListItem\",\"position\":2,\"name\":\"Web shop Mezak\",\"item\":\"https:\\\/\\\/www.dostavacvijeca-mezak.com\\\/en\\\/web-shop-mezak\\\/\"},{\"@type\":\"ListItem\",\"position\":3,\"name\":\"SVIJE\u0106E-PAKET KOCKA 2E\"}]},{\"@type\":\"WebSite\",\"@id\":\"https:\\\/\\\/www.dostavacvijeca-mezak.com\\\/#website\",\"url\":\"https:\\\/\\\/www.dostavacvijeca-mezak.com\\\/\",\"name\":\"Dostava cvije\u0107a Mezak\",\"description\":\"Samo jo\u0161 jedna WordPress web-stranica\",\"publisher\":{\"@id\":\"https:\\\/\\\/www.dostavacvijeca-mezak.com\\\/#organization\"},\"potentialAction\":[{\"@type\":\"SearchAction\",\"target\":{\"@type\":\"EntryPoint\",\"urlTemplate\":\"https:\\\/\\\/www.dostavacvijeca-mezak.com\\\/?s={search_term_string}\"},\"query-input\":{\"@type\":\"PropertyValueSpecification\",\"valueRequired\":true,\"valueName\":\"search_term_string\"}}],\"inLanguage\":\"en-US\"},{\"@type\":\"Organization\",\"@id\":\"https:\\\/\\\/www.dostavacvijeca-mezak.com\\\/#organization\",\"name\":\"DOSTAVA CVIJE\u0106A MEZAK\",\"url\":\"https:\\\/\\\/www.dostavacvijeca-mezak.com\\\/\",\"logo\":{\"@type\":\"ImageObject\",\"inLanguage\":\"en-US\",\"@id\":\"https:\\\/\\\/www.dostavacvijeca-mezak.com\\\/#\\\/schema\\\/logo\\\/image\\\/\",\"url\":\"https:\\\/\\\/www.dostavacvijeca-mezak.com\\\/wp-content\\\/uploads\\\/2019\\\/04\\\/dostava-cvijeca-mezak-logo.jpg\",\"contentUrl\":\"https:\\\/\\\/www.dostavacvijeca-mezak.com\\\/wp-content\\\/uploads\\\/2019\\\/04\\\/dostava-cvijeca-mezak-logo.jpg\",\"width\":244,\"height\":92,\"caption\":\"DOSTAVA CVIJE\u0106A MEZAK\"},\"image\":{\"@id\":\"https:\\\/\\\/www.dostavacvijeca-mezak.com\\\/#\\\/schema\\\/logo\\\/image\\\/\"}}]}<\/script>\n<!-- \/ Yoast SEO plugin. -->","yoast_head_json":{"title":"SVIJE\u0106E-PAKET KOCKA 2E - Dostava cvije\u0107a Mezak","robots":{"index":"index","follow":"follow","max-snippet":"max-snippet:-1","max-image-preview":"max-image-preview:large","max-video-preview":"max-video-preview:-1"},"canonical":"https:\/\/www.dostavacvijeca-mezak.com\/trgovina\/vijenci-i-grobni-aranzmani\/svijece-za-iskrenu-sucut-i-posljednji-ispracaj\/svijece-paket-srce-2e\/","og_locale":"en_US","og_type":"article","og_title":"SVIJE\u0106E-PAKET KOCKA 2E - Dostava cvije\u0107a Mezak","og_description":"PAKET KOCKA- 6 svije\u0107a  Dostupno u crvenoj, bijeloj i ljubi\u010dastoj boji.","og_url":"https:\/\/www.dostavacvijeca-mezak.com\/trgovina\/vijenci-i-grobni-aranzmani\/svijece-za-iskrenu-sucut-i-posljednji-ispracaj\/svijece-paket-srce-2e\/","og_site_name":"Dostava cvije\u0107a Mezak","article_modified_time":"2025-03-21T07:46:04+00:00","og_image":[{"width":2295,"height":2200,"url":"https:\/\/www.dostavacvijeca-mezak.com\/wp-content\/uploads\/2017\/01\/IMG_20250226_172723.jpg","type":"image\/jpeg"}],"twitter_card":"summary_large_image","schema":{"@context":"https:\/\/schema.org","@graph":[{"@type":"WebPage","@id":"https:\/\/www.dostavacvijeca-mezak.com\/trgovina\/vijenci-i-grobni-aranzmani\/svijece-za-iskrenu-sucut-i-posljednji-ispracaj\/svijece-paket-srce-2e\/","url":"https:\/\/www.dostavacvijeca-mezak.com\/trgovina\/vijenci-i-grobni-aranzmani\/svijece-za-iskrenu-sucut-i-posljednji-ispracaj\/svijece-paket-srce-2e\/","name":"SVIJE\u0106E-PAKET KOCKA 2E - Dostava cvije\u0107a Mezak","isPartOf":{"@id":"https:\/\/www.dostavacvijeca-mezak.com\/#website"},"primaryImageOfPage":{"@id":"https:\/\/www.dostavacvijeca-mezak.com\/trgovina\/vijenci-i-grobni-aranzmani\/svijece-za-iskrenu-sucut-i-posljednji-ispracaj\/svijece-paket-srce-2e\/#primaryimage"},"image":{"@id":"https:\/\/www.dostavacvijeca-mezak.com\/trgovina\/vijenci-i-grobni-aranzmani\/svijece-za-iskrenu-sucut-i-posljednji-ispracaj\/svijece-paket-srce-2e\/#primaryimage"},"thumbnailUrl":"https:\/\/www.dostavacvijeca-mezak.com\/wp-content\/uploads\/2017\/01\/IMG_20250226_172723.jpg","datePublished":"2017-01-26T07:08:47+00:00","dateModified":"2025-03-21T07:46:04+00:00","breadcrumb":{"@id":"https:\/\/www.dostavacvijeca-mezak.com\/trgovina\/vijenci-i-grobni-aranzmani\/svijece-za-iskrenu-sucut-i-posljednji-ispracaj\/svijece-paket-srce-2e\/#breadcrumb"},"inLanguage":"en-US","potentialAction":[{"@type":"ReadAction","target":["https:\/\/www.dostavacvijeca-mezak.com\/trgovina\/vijenci-i-grobni-aranzmani\/svijece-za-iskrenu-sucut-i-posljednji-ispracaj\/svijece-paket-srce-2e\/"]}]},{"@type":"ImageObject","inLanguage":"en-US","@id":"https:\/\/www.dostavacvijeca-mezak.com\/trgovina\/vijenci-i-grobni-aranzmani\/svijece-za-iskrenu-sucut-i-posljednji-ispracaj\/svijece-paket-srce-2e\/#primaryimage","url":"https:\/\/www.dostavacvijeca-mezak.com\/wp-content\/uploads\/2017\/01\/IMG_20250226_172723.jpg","contentUrl":"https:\/\/www.dostavacvijeca-mezak.com\/wp-content\/uploads\/2017\/01\/IMG_20250226_172723.jpg","width":2295,"height":2200},{"@type":"BreadcrumbList","@id":"https:\/\/www.dostavacvijeca-mezak.com\/trgovina\/vijenci-i-grobni-aranzmani\/svijece-za-iskrenu-sucut-i-posljednji-ispracaj\/svijece-paket-srce-2e\/#breadcrumb","itemListElement":[{"@type":"ListItem","position":1,"name":"Home","item":"https:\/\/www.dostavacvijeca-mezak.com\/"},{"@type":"ListItem","position":2,"name":"Web shop Mezak","item":"https:\/\/www.dostavacvijeca-mezak.com\/en\/web-shop-mezak\/"},{"@type":"ListItem","position":3,"name":"SVIJE\u0106E-PAKET KOCKA 2E"}]},{"@type":"WebSite","@id":"https:\/\/www.dostavacvijeca-mezak.com\/#website","url":"https:\/\/www.dostavacvijeca-mezak.com\/","name":"Dostava cvije\u0107a Mezak","description":"Samo jo\u0161 jedna WordPress web-stranica","publisher":{"@id":"https:\/\/www.dostavacvijeca-mezak.com\/#organization"},"potentialAction":[{"@type":"SearchAction","target":{"@type":"EntryPoint","urlTemplate":"https:\/\/www.dostavacvijeca-mezak.com\/?s={search_term_string}"},"query-input":{"@type":"PropertyValueSpecification","valueRequired":true,"valueName":"search_term_string"}}],"inLanguage":"en-US"},{"@type":"Organization","@id":"https:\/\/www.dostavacvijeca-mezak.com\/#organization","name":"DOSTAVA CVIJE\u0106A MEZAK","url":"https:\/\/www.dostavacvijeca-mezak.com\/","logo":{"@type":"ImageObject","inLanguage":"en-US","@id":"https:\/\/www.dostavacvijeca-mezak.com\/#\/schema\/logo\/image\/","url":"https:\/\/www.dostavacvijeca-mezak.com\/wp-content\/uploads\/2019\/04\/dostava-cvijeca-mezak-logo.jpg","contentUrl":"https:\/\/www.dostavacvijeca-mezak.com\/wp-content\/uploads\/2019\/04\/dostava-cvijeca-mezak-logo.jpg","width":244,"height":92,"caption":"DOSTAVA CVIJE\u0106A MEZAK"},"image":{"@id":"https:\/\/www.dostavacvijeca-mezak.com\/#\/schema\/logo\/image\/"}}]}},"_links":{"self":[{"href":"https:\/\/www.dostavacvijeca-mezak.com\/en\/wp-json\/wp\/v2\/product\/12402","targetHints":{"allow":["GET"]}}],"collection":[{"href":"https:\/\/www.dostavacvijeca-mezak.com\/en\/wp-json\/wp\/v2\/product"}],"about":[{"href":"https:\/\/www.dostavacvijeca-mezak.com\/en\/wp-json\/wp\/v2\/types\/product"}],"wp:featuredmedia":[{"embeddable":true,"href":"https:\/\/www.dostavacvijeca-mezak.com\/en\/wp-json\/wp\/v2\/media\/34335"}],"wp:attachment":[{"href":"https:\/\/www.dostavacvijeca-mezak.com\/en\/wp-json\/wp\/v2\/media?parent=12402"}],"wp:term":[{"taxonomy":"product_brand","embeddable":true,"href":"https:\/\/www.dostavacvijeca-mezak.com\/en\/wp-json\/wp\/v2\/product_brand?post=12402"},{"taxonomy":"product_cat","embeddable":true,"href":"https:\/\/www.dostavacvijeca-mezak.com\/en\/wp-json\/wp\/v2\/product_cat?post=12402"},{"taxonomy":"product_tag","embeddable":true,"href":"https:\/\/www.dostavacvijeca-mezak.com\/en\/wp-json\/wp\/v2\/product_tag?post=12402"}],"curies":[{"name":"wp","href":"https:\/\/api.w.org\/{rel}","templated":true}]}}