{"id":12657,"date":"2016-01-14T12:19:09","date_gmt":"2016-01-14T11:19:09","guid":{"rendered":"https:\/\/www.dostavacvijeca-mezak.com\/product\/aranzman-za-lijes-4al-novo\/"},"modified":"2023-09-29T09:46:16","modified_gmt":"2023-09-29T07:46:16","slug":"aranzman-za-lijes-4al-novo","status":"publish","type":"product","link":"https:\/\/www.dostavacvijeca-mezak.com\/en\/trgovina\/vijenci-i-grobni-aranzman-en\/aranzmani-za-lijes-en\/aranzman-za-lijes-4al-novo\/","title":{"rendered":"ARRANGEMENT FOR THE COFFIN 25AL"},"content":{"rendered":"","protected":false},"excerpt":{"rendered":"<p>Aran\u017eman srednji od \u017eutih kala, \u017eutih\u00a0 ru\u017ea i mini ru\u017ea.<\/p>\n","protected":false},"featured_media":18311,"template":"","meta":{"_et_pb_use_builder":"","_et_pb_old_content":"","_et_gb_content_width":""},"product_brand":[],"product_cat":[285],"product_tag":[],"class_list":{"0":"post-12657","1":"product","2":"type-product","3":"status-publish","4":"has-post-thumbnail","6":"product_cat-aranzmani-za-lijes-en","8":"first","9":"instock","10":"taxable","11":"shipping-taxable","12":"purchasable","13":"product-type-simple"},"yoast_head":"<!-- This site is optimized with the Yoast SEO plugin v27.3 - https:\/\/yoast.com\/product\/yoast-seo-wordpress\/ -->\n<title>ARRANGEMENT FOR THE COFFIN 25AL - Dostava cvije\u0107a Mezak<\/title>\n<meta name=\"robots\" content=\"index, follow, max-snippet:-1, max-image-preview:large, max-video-preview:-1\" \/>\n<link rel=\"canonical\" href=\"https:\/\/www.dostavacvijeca-mezak.com\/trgovina\/vijenci-i-grobni-aranzmani\/aranzmani-za-lijes\/aranzman-za-lijes-4al-novo\/\" \/>\n<meta property=\"og:locale\" content=\"en_US\" \/>\n<meta property=\"og:type\" content=\"article\" \/>\n<meta property=\"og:title\" content=\"ARRANGEMENT FOR THE COFFIN 25AL - Dostava cvije\u0107a Mezak\" \/>\n<meta property=\"og:description\" content=\"Aran\u017eman srednji od \u017eutih kala, \u017eutih\u00a0 ru\u017ea i mini ru\u017ea.\" \/>\n<meta property=\"og:url\" content=\"https:\/\/www.dostavacvijeca-mezak.com\/trgovina\/vijenci-i-grobni-aranzmani\/aranzmani-za-lijes\/aranzman-za-lijes-4al-novo\/\" \/>\n<meta property=\"og:site_name\" content=\"Dostava cvije\u0107a Mezak\" \/>\n<meta property=\"article:modified_time\" content=\"2023-09-29T07:46:16+00:00\" \/>\n<meta property=\"og:image\" content=\"https:\/\/www.dostavacvijeca-mezak.com\/wp-content\/uploads\/2016\/01\/IMG_0165.jpg\" \/>\n\t<meta property=\"og:image:width\" content=\"464\" \/>\n\t<meta property=\"og:image:height\" content=\"689\" \/>\n\t<meta property=\"og:image:type\" content=\"image\/jpeg\" \/>\n<meta name=\"twitter:card\" content=\"summary_large_image\" \/>\n<script type=\"application\/ld+json\" class=\"yoast-schema-graph\">{\"@context\":\"https:\\\/\\\/schema.org\",\"@graph\":[{\"@type\":\"WebPage\",\"@id\":\"https:\\\/\\\/www.dostavacvijeca-mezak.com\\\/trgovina\\\/vijenci-i-grobni-aranzmani\\\/aranzmani-za-lijes\\\/aranzman-za-lijes-4al-novo\\\/\",\"url\":\"https:\\\/\\\/www.dostavacvijeca-mezak.com\\\/trgovina\\\/vijenci-i-grobni-aranzmani\\\/aranzmani-za-lijes\\\/aranzman-za-lijes-4al-novo\\\/\",\"name\":\"ARRANGEMENT FOR THE COFFIN 25AL - Dostava cvije\u0107a Mezak\",\"isPartOf\":{\"@id\":\"https:\\\/\\\/www.dostavacvijeca-mezak.com\\\/#website\"},\"primaryImageOfPage\":{\"@id\":\"https:\\\/\\\/www.dostavacvijeca-mezak.com\\\/trgovina\\\/vijenci-i-grobni-aranzmani\\\/aranzmani-za-lijes\\\/aranzman-za-lijes-4al-novo\\\/#primaryimage\"},\"image\":{\"@id\":\"https:\\\/\\\/www.dostavacvijeca-mezak.com\\\/trgovina\\\/vijenci-i-grobni-aranzmani\\\/aranzmani-za-lijes\\\/aranzman-za-lijes-4al-novo\\\/#primaryimage\"},\"thumbnailUrl\":\"https:\\\/\\\/www.dostavacvijeca-mezak.com\\\/wp-content\\\/uploads\\\/2016\\\/01\\\/IMG_0165.jpg\",\"datePublished\":\"2016-01-14T11:19:09+00:00\",\"dateModified\":\"2023-09-29T07:46:16+00:00\",\"breadcrumb\":{\"@id\":\"https:\\\/\\\/www.dostavacvijeca-mezak.com\\\/trgovina\\\/vijenci-i-grobni-aranzmani\\\/aranzmani-za-lijes\\\/aranzman-za-lijes-4al-novo\\\/#breadcrumb\"},\"inLanguage\":\"en-US\",\"potentialAction\":[{\"@type\":\"ReadAction\",\"target\":[\"https:\\\/\\\/www.dostavacvijeca-mezak.com\\\/trgovina\\\/vijenci-i-grobni-aranzmani\\\/aranzmani-za-lijes\\\/aranzman-za-lijes-4al-novo\\\/\"]}]},{\"@type\":\"ImageObject\",\"inLanguage\":\"en-US\",\"@id\":\"https:\\\/\\\/www.dostavacvijeca-mezak.com\\\/trgovina\\\/vijenci-i-grobni-aranzmani\\\/aranzmani-za-lijes\\\/aranzman-za-lijes-4al-novo\\\/#primaryimage\",\"url\":\"https:\\\/\\\/www.dostavacvijeca-mezak.com\\\/wp-content\\\/uploads\\\/2016\\\/01\\\/IMG_0165.jpg\",\"contentUrl\":\"https:\\\/\\\/www.dostavacvijeca-mezak.com\\\/wp-content\\\/uploads\\\/2016\\\/01\\\/IMG_0165.jpg\",\"width\":464,\"height\":689},{\"@type\":\"BreadcrumbList\",\"@id\":\"https:\\\/\\\/www.dostavacvijeca-mezak.com\\\/trgovina\\\/vijenci-i-grobni-aranzmani\\\/aranzmani-za-lijes\\\/aranzman-za-lijes-4al-novo\\\/#breadcrumb\",\"itemListElement\":[{\"@type\":\"ListItem\",\"position\":1,\"name\":\"Home\",\"item\":\"https:\\\/\\\/www.dostavacvijeca-mezak.com\\\/\"},{\"@type\":\"ListItem\",\"position\":2,\"name\":\"Web shop Mezak\",\"item\":\"https:\\\/\\\/www.dostavacvijeca-mezak.com\\\/en\\\/web-shop-mezak\\\/\"},{\"@type\":\"ListItem\",\"position\":3,\"name\":\"ARRANGEMENT FOR THE COFFIN 25AL\"}]},{\"@type\":\"WebSite\",\"@id\":\"https:\\\/\\\/www.dostavacvijeca-mezak.com\\\/#website\",\"url\":\"https:\\\/\\\/www.dostavacvijeca-mezak.com\\\/\",\"name\":\"Dostava cvije\u0107a Mezak\",\"description\":\"Samo jo\u0161 jedna WordPress web-stranica\",\"publisher\":{\"@id\":\"https:\\\/\\\/www.dostavacvijeca-mezak.com\\\/#organization\"},\"potentialAction\":[{\"@type\":\"SearchAction\",\"target\":{\"@type\":\"EntryPoint\",\"urlTemplate\":\"https:\\\/\\\/www.dostavacvijeca-mezak.com\\\/?s={search_term_string}\"},\"query-input\":{\"@type\":\"PropertyValueSpecification\",\"valueRequired\":true,\"valueName\":\"search_term_string\"}}],\"inLanguage\":\"en-US\"},{\"@type\":\"Organization\",\"@id\":\"https:\\\/\\\/www.dostavacvijeca-mezak.com\\\/#organization\",\"name\":\"DOSTAVA CVIJE\u0106A MEZAK\",\"url\":\"https:\\\/\\\/www.dostavacvijeca-mezak.com\\\/\",\"logo\":{\"@type\":\"ImageObject\",\"inLanguage\":\"en-US\",\"@id\":\"https:\\\/\\\/www.dostavacvijeca-mezak.com\\\/#\\\/schema\\\/logo\\\/image\\\/\",\"url\":\"https:\\\/\\\/www.dostavacvijeca-mezak.com\\\/wp-content\\\/uploads\\\/2019\\\/04\\\/dostava-cvijeca-mezak-logo.jpg\",\"contentUrl\":\"https:\\\/\\\/www.dostavacvijeca-mezak.com\\\/wp-content\\\/uploads\\\/2019\\\/04\\\/dostava-cvijeca-mezak-logo.jpg\",\"width\":244,\"height\":92,\"caption\":\"DOSTAVA CVIJE\u0106A MEZAK\"},\"image\":{\"@id\":\"https:\\\/\\\/www.dostavacvijeca-mezak.com\\\/#\\\/schema\\\/logo\\\/image\\\/\"}}]}<\/script>\n<!-- \/ Yoast SEO plugin. -->","yoast_head_json":{"title":"ARRANGEMENT FOR THE COFFIN 25AL - Dostava cvije\u0107a Mezak","robots":{"index":"index","follow":"follow","max-snippet":"max-snippet:-1","max-image-preview":"max-image-preview:large","max-video-preview":"max-video-preview:-1"},"canonical":"https:\/\/www.dostavacvijeca-mezak.com\/trgovina\/vijenci-i-grobni-aranzmani\/aranzmani-za-lijes\/aranzman-za-lijes-4al-novo\/","og_locale":"en_US","og_type":"article","og_title":"ARRANGEMENT FOR THE COFFIN 25AL - Dostava cvije\u0107a Mezak","og_description":"Aran\u017eman srednji od \u017eutih kala, \u017eutih\u00a0 ru\u017ea i mini ru\u017ea.","og_url":"https:\/\/www.dostavacvijeca-mezak.com\/trgovina\/vijenci-i-grobni-aranzmani\/aranzmani-za-lijes\/aranzman-za-lijes-4al-novo\/","og_site_name":"Dostava cvije\u0107a Mezak","article_modified_time":"2023-09-29T07:46:16+00:00","og_image":[{"width":464,"height":689,"url":"https:\/\/www.dostavacvijeca-mezak.com\/wp-content\/uploads\/2016\/01\/IMG_0165.jpg","type":"image\/jpeg"}],"twitter_card":"summary_large_image","schema":{"@context":"https:\/\/schema.org","@graph":[{"@type":"WebPage","@id":"https:\/\/www.dostavacvijeca-mezak.com\/trgovina\/vijenci-i-grobni-aranzmani\/aranzmani-za-lijes\/aranzman-za-lijes-4al-novo\/","url":"https:\/\/www.dostavacvijeca-mezak.com\/trgovina\/vijenci-i-grobni-aranzmani\/aranzmani-za-lijes\/aranzman-za-lijes-4al-novo\/","name":"ARRANGEMENT FOR THE COFFIN 25AL - Dostava cvije\u0107a Mezak","isPartOf":{"@id":"https:\/\/www.dostavacvijeca-mezak.com\/#website"},"primaryImageOfPage":{"@id":"https:\/\/www.dostavacvijeca-mezak.com\/trgovina\/vijenci-i-grobni-aranzmani\/aranzmani-za-lijes\/aranzman-za-lijes-4al-novo\/#primaryimage"},"image":{"@id":"https:\/\/www.dostavacvijeca-mezak.com\/trgovina\/vijenci-i-grobni-aranzmani\/aranzmani-za-lijes\/aranzman-za-lijes-4al-novo\/#primaryimage"},"thumbnailUrl":"https:\/\/www.dostavacvijeca-mezak.com\/wp-content\/uploads\/2016\/01\/IMG_0165.jpg","datePublished":"2016-01-14T11:19:09+00:00","dateModified":"2023-09-29T07:46:16+00:00","breadcrumb":{"@id":"https:\/\/www.dostavacvijeca-mezak.com\/trgovina\/vijenci-i-grobni-aranzmani\/aranzmani-za-lijes\/aranzman-za-lijes-4al-novo\/#breadcrumb"},"inLanguage":"en-US","potentialAction":[{"@type":"ReadAction","target":["https:\/\/www.dostavacvijeca-mezak.com\/trgovina\/vijenci-i-grobni-aranzmani\/aranzmani-za-lijes\/aranzman-za-lijes-4al-novo\/"]}]},{"@type":"ImageObject","inLanguage":"en-US","@id":"https:\/\/www.dostavacvijeca-mezak.com\/trgovina\/vijenci-i-grobni-aranzmani\/aranzmani-za-lijes\/aranzman-za-lijes-4al-novo\/#primaryimage","url":"https:\/\/www.dostavacvijeca-mezak.com\/wp-content\/uploads\/2016\/01\/IMG_0165.jpg","contentUrl":"https:\/\/www.dostavacvijeca-mezak.com\/wp-content\/uploads\/2016\/01\/IMG_0165.jpg","width":464,"height":689},{"@type":"BreadcrumbList","@id":"https:\/\/www.dostavacvijeca-mezak.com\/trgovina\/vijenci-i-grobni-aranzmani\/aranzmani-za-lijes\/aranzman-za-lijes-4al-novo\/#breadcrumb","itemListElement":[{"@type":"ListItem","position":1,"name":"Home","item":"https:\/\/www.dostavacvijeca-mezak.com\/"},{"@type":"ListItem","position":2,"name":"Web shop Mezak","item":"https:\/\/www.dostavacvijeca-mezak.com\/en\/web-shop-mezak\/"},{"@type":"ListItem","position":3,"name":"ARRANGEMENT FOR THE COFFIN 25AL"}]},{"@type":"WebSite","@id":"https:\/\/www.dostavacvijeca-mezak.com\/#website","url":"https:\/\/www.dostavacvijeca-mezak.com\/","name":"Dostava cvije\u0107a Mezak","description":"Samo jo\u0161 jedna WordPress web-stranica","publisher":{"@id":"https:\/\/www.dostavacvijeca-mezak.com\/#organization"},"potentialAction":[{"@type":"SearchAction","target":{"@type":"EntryPoint","urlTemplate":"https:\/\/www.dostavacvijeca-mezak.com\/?s={search_term_string}"},"query-input":{"@type":"PropertyValueSpecification","valueRequired":true,"valueName":"search_term_string"}}],"inLanguage":"en-US"},{"@type":"Organization","@id":"https:\/\/www.dostavacvijeca-mezak.com\/#organization","name":"DOSTAVA CVIJE\u0106A MEZAK","url":"https:\/\/www.dostavacvijeca-mezak.com\/","logo":{"@type":"ImageObject","inLanguage":"en-US","@id":"https:\/\/www.dostavacvijeca-mezak.com\/#\/schema\/logo\/image\/","url":"https:\/\/www.dostavacvijeca-mezak.com\/wp-content\/uploads\/2019\/04\/dostava-cvijeca-mezak-logo.jpg","contentUrl":"https:\/\/www.dostavacvijeca-mezak.com\/wp-content\/uploads\/2019\/04\/dostava-cvijeca-mezak-logo.jpg","width":244,"height":92,"caption":"DOSTAVA CVIJE\u0106A MEZAK"},"image":{"@id":"https:\/\/www.dostavacvijeca-mezak.com\/#\/schema\/logo\/image\/"}}]}},"_links":{"self":[{"href":"https:\/\/www.dostavacvijeca-mezak.com\/en\/wp-json\/wp\/v2\/product\/12657","targetHints":{"allow":["GET"]}}],"collection":[{"href":"https:\/\/www.dostavacvijeca-mezak.com\/en\/wp-json\/wp\/v2\/product"}],"about":[{"href":"https:\/\/www.dostavacvijeca-mezak.com\/en\/wp-json\/wp\/v2\/types\/product"}],"wp:featuredmedia":[{"embeddable":true,"href":"https:\/\/www.dostavacvijeca-mezak.com\/en\/wp-json\/wp\/v2\/media\/18311"}],"wp:attachment":[{"href":"https:\/\/www.dostavacvijeca-mezak.com\/en\/wp-json\/wp\/v2\/media?parent=12657"}],"wp:term":[{"taxonomy":"product_brand","embeddable":true,"href":"https:\/\/www.dostavacvijeca-mezak.com\/en\/wp-json\/wp\/v2\/product_brand?post=12657"},{"taxonomy":"product_cat","embeddable":true,"href":"https:\/\/www.dostavacvijeca-mezak.com\/en\/wp-json\/wp\/v2\/product_cat?post=12657"},{"taxonomy":"product_tag","embeddable":true,"href":"https:\/\/www.dostavacvijeca-mezak.com\/en\/wp-json\/wp\/v2\/product_tag?post=12657"}],"curies":[{"name":"wp","href":"https:\/\/api.w.org\/{rel}","templated":true}]}}